{"id":108,"date":"2021-05-03T20:26:27","date_gmt":"2021-05-04T01:26:27","guid":{"rendered":"https:\/\/geoikiamcom.wordpress.com\/?page_id=108"},"modified":"2024-05-16T22:00:55","modified_gmt":"2024-05-16T22:00:55","slug":"calendario","status":"publish","type":"page","link":"https:\/\/proyectogeociencias.ikiam.edu.ec\/index.php\/calendario\/","title":{"rendered":"I Conversatorio de Geociencias: \u00bfQu\u00e9 hace un geocientista en el mundo laboral?"},"content":{"rendered":"\n<p><\/p>\n\n\n\n<p><\/p>\n\n\n\n<div class=\"wp-block-media-text alignwide is-stacked-on-mobile\"><figure class=\"wp-block-media-text__media\"><img fetchpriority=\"high\" decoding=\"async\" width=\"1414\" height=\"2000\" src=\"https:\/\/proyectogeociencias.ikiam.edu.ec\/wp-content\/uploads\/2023\/07\/InvitacionConversatorioI.png\" alt=\"\" class=\"wp-image-909 size-full\"\/><\/figure><div class=\"wp-block-media-text__content\">\n<p>Con el Proyecto Geociencias y el Proyecto Dise\u00f1o e Implementaci\u00f3n del Primer Concurso de Cristalizaci\u00f3n en Escuelas para la Ense\u00f1anza de Ciencias de la Tierra, se realiz\u00f3 el I Conversatorio de la Carrera de Geociencias junto a estudiantes, profesores e invitados: Dayana Vera y Erick Vargas; donde se debati\u00f3 acerca de las competencias que necesita un geocientista en el contexto laboral y c\u00f3mo aprovechar la universidad para desarrollar estas habilidades<\/p>\n<\/div><\/div>\n\n\n\n<p><\/p>\n\n\n\n<p><\/p>\n\n\n\n<div class=\"wp-block-media-text alignwide has-media-on-the-right is-stacked-on-mobile\" style=\"grid-template-columns:auto 65%\"><div class=\"wp-block-media-text__content\">\n<p>Los estudiantes aprendieron cuales son las competencias necesarias en el \u00e1mbito laboral de un geocientista y pudieron compartir experiencias junto a graduados de Geociencias que ya trabajan.<\/p>\n\n\n\n<p><\/p>\n<\/div><figure class=\"wp-block-media-text__media\"><img decoding=\"async\" width=\"4000\" height=\"2252\" src=\"https:\/\/proyectogeociencias.ikiam.edu.ec\/wp-content\/uploads\/2023\/07\/20230519_131351.jpg\" alt=\"\" class=\"wp-image-911 size-full\"\/><\/figure><\/div>\n\n\n\n<p><\/p>\n\n\n\n<p><\/p>\n\n\n\n<div class=\"wp-block-media-text alignwide is-stacked-on-mobile\"><figure class=\"wp-block-media-text__media\"><img decoding=\"async\" width=\"1599\" height=\"1200\" src=\"https:\/\/proyectogeociencias.ikiam.edu.ec\/wp-content\/uploads\/2023\/07\/WhatsApp-Image-2023-05-19-at-12.36.02-1.jpeg\" alt=\"\" class=\"wp-image-913 size-full\"\/><\/figure><div class=\"wp-block-media-text__content\">\n<p><\/p>\n\n\n\n<p><\/p>\n\n\n\n<p>Dayana Vera, graduada de Geociencias, actualmente trabaja en la compa\u00f1\u00eda Titan Minerals LTD y Erick Vargas, estudiante de \u00faltimo semestre de Geociencias, actualmente trabaja en la compa\u00f1\u00eda Rome GOLD, aconsejaron a sus compa\u00f1eros para mejorar habilidades importantes para trabajar en el sector minero y el campo de las Geociencias. <\/p>\n<\/div><\/div>\n\n\n\n<p><\/p>\n\n\n\n<p><\/p>\n\n\n\n<p><\/p>\n\n\n\n<p><\/p>\n\n\n\n<p><\/p>\n\n\n\n<p><strong>Organizadores del evento:<\/strong><\/p>\n\n\n\n<ul>\n<li>Oswaldo Guzm\u00e1n. <\/li>\n<\/ul>\n\n\n\n<p>                  oswaldo.guzman@ikiam.edu.ec<\/p>\n\n\n\n<ul>\n<li>Julieth Chancay<\/li>\n<\/ul>\n\n\n\n<p>                   julieth.chancay@est.ikiam.edu.ec<\/p>\n","protected":false},"excerpt":{"rendered":"<p>Con el Proyecto Geociencias y el Proyecto Dise\u00f1o e Implementaci\u00f3n del Primer Concurso de Cristalizaci\u00f3n en Escuelas para la Ense\u00f1anza de Ciencias de la Tierra, se realiz\u00f3 el I Conversatorio de la Carrera de Geociencias junto a estudiantes, profesores e invitados: Dayana Vera y Erick Vargas; donde se debati\u00f3 acerca [&hellip;]<\/p>\n","protected":false},"author":4,"featured_media":0,"parent":0,"menu_order":0,"comment_status":"closed","ping_status":"closed","template":"","meta":[],"_links":{"self":[{"href":"https:\/\/proyectogeociencias.ikiam.edu.ec\/index.php\/wp-json\/wp\/v2\/pages\/108"}],"collection":[{"href":"https:\/\/proyectogeociencias.ikiam.edu.ec\/index.php\/wp-json\/wp\/v2\/pages"}],"about":[{"href":"https:\/\/proyectogeociencias.ikiam.edu.ec\/index.php\/wp-json\/wp\/v2\/types\/page"}],"author":[{"embeddable":true,"href":"https:\/\/proyectogeociencias.ikiam.edu.ec\/index.php\/wp-json\/wp\/v2\/users\/4"}],"replies":[{"embeddable":true,"href":"https:\/\/proyectogeociencias.ikiam.edu.ec\/index.php\/wp-json\/wp\/v2\/comments?post=108"}],"version-history":[{"count":6,"href":"https:\/\/proyectogeociencias.ikiam.edu.ec\/index.php\/wp-json\/wp\/v2\/pages\/108\/revisions"}],"predecessor-version":[{"id":1211,"href":"https:\/\/proyectogeociencias.ikiam.edu.ec\/index.php\/wp-json\/wp\/v2\/pages\/108\/revisions\/1211"}],"wp:attachment":[{"href":"https:\/\/proyectogeociencias.ikiam.edu.ec\/index.php\/wp-json\/wp\/v2\/media?parent=108"}],"curies":[{"name":"wp","href":"https:\/\/api.w.org\/{rel}","templated":true}]}}