{"id":1212,"date":"2024-05-16T22:11:28","date_gmt":"2024-05-16T22:11:28","guid":{"rendered":"http:\/\/proyectogeociencias.ikiam.edu.ec\/?page_id=1212"},"modified":"2024-05-16T22:11:28","modified_gmt":"2024-05-16T22:11:28","slug":"ii-conversatorio-de-geociencias-oportunidad-de-estudiar-en-el-exterior","status":"publish","type":"page","link":"https:\/\/proyectogeociencias.ikiam.edu.ec\/index.php\/ii-conversatorio-de-geociencias-oportunidad-de-estudiar-en-el-exterior\/","title":{"rendered":"II Conversatorio de Geociencias: Oportunidad de estudiar en el exterior."},"content":{"rendered":"\n<div class=\"wp-block-media-text alignwide is-stacked-on-mobile\"><figure class=\"wp-block-media-text__media\"><img fetchpriority=\"high\" decoding=\"async\" width=\"1600\" height=\"1200\" src=\"https:\/\/proyectogeociencias.ikiam.edu.ec\/wp-content\/uploads\/2024\/05\/Conversatorio-2.jpeg\" alt=\"\" class=\"wp-image-1215 size-full\"\/><\/figure><div class=\"wp-block-media-text__content\">\n<p>El jueves 25 de abril del 2024 se realiz\u00f3 el II Conversatorio de la carrera de Geociencias.<\/p>\n\n\n\n<p>Andrea Alvarado, graduada de Geociencias habl\u00f3 acerca de c\u00f3mo postular a oportunidades de financiamiento para realizar estudios e investigaci\u00f3n a nivel de maestr\u00eda y doctorado en King Fahd University of Petroleum and Minerals (KFUPM) en Arabia Saudita.<\/p>\n\n\n\n<p>Durante la jornada, los estudiantes aprendieron sobre qu\u00e9 requisitos se necesitan para aplicar a estas y m\u00e1s oportunidades.<\/p>\n<\/div><\/div>\n\n\n\n<p><\/p>\n\n\n\n<p>Organizadores del evento.<\/p>\n\n\n\n<p>Jordy Morocho, estudiante de Geociencias.<\/p>\n\n\n\n<p>Oswaldo Guzm\u00e1n, profesor de Geociencias.<\/p>\n","protected":false},"excerpt":{"rendered":"<p>El jueves 25 de abril del 2024 se realiz\u00f3 el II Conversatorio de la carrera de Geociencias. Andrea Alvarado, graduada de Geociencias habl\u00f3 acerca de c\u00f3mo postular a oportunidades de financiamiento para realizar estudios e investigaci\u00f3n a nivel de maestr\u00eda y doctorado en King Fahd University of Petroleum and Minerals [&hellip;]<\/p>\n","protected":false},"author":23,"featured_media":0,"parent":0,"menu_order":0,"comment_status":"closed","ping_status":"closed","template":"","meta":[],"_links":{"self":[{"href":"https:\/\/proyectogeociencias.ikiam.edu.ec\/index.php\/wp-json\/wp\/v2\/pages\/1212"}],"collection":[{"href":"https:\/\/proyectogeociencias.ikiam.edu.ec\/index.php\/wp-json\/wp\/v2\/pages"}],"about":[{"href":"https:\/\/proyectogeociencias.ikiam.edu.ec\/index.php\/wp-json\/wp\/v2\/types\/page"}],"author":[{"embeddable":true,"href":"https:\/\/proyectogeociencias.ikiam.edu.ec\/index.php\/wp-json\/wp\/v2\/users\/23"}],"replies":[{"embeddable":true,"href":"https:\/\/proyectogeociencias.ikiam.edu.ec\/index.php\/wp-json\/wp\/v2\/comments?post=1212"}],"version-history":[{"count":1,"href":"https:\/\/proyectogeociencias.ikiam.edu.ec\/index.php\/wp-json\/wp\/v2\/pages\/1212\/revisions"}],"predecessor-version":[{"id":1219,"href":"https:\/\/proyectogeociencias.ikiam.edu.ec\/index.php\/wp-json\/wp\/v2\/pages\/1212\/revisions\/1219"}],"wp:attachment":[{"href":"https:\/\/proyectogeociencias.ikiam.edu.ec\/index.php\/wp-json\/wp\/v2\/media?parent=1212"}],"curies":[{"name":"wp","href":"https:\/\/api.w.org\/{rel}","templated":true}]}}