{"id":1458,"date":"2024-07-22T21:47:10","date_gmt":"2024-07-22T21:47:10","guid":{"rendered":"http:\/\/proyectogeociencias.ikiam.edu.ec\/?page_id=1458"},"modified":"2025-04-26T01:08:06","modified_gmt":"2025-04-26T01:08:06","slug":"quienes-somos","status":"publish","type":"page","link":"https:\/\/proyectogeociencias.ikiam.edu.ec\/index.php\/quienes-somos\/","title":{"rendered":"\u00bfQui\u00e9nes somos?"},"content":{"rendered":"\n<p class=\"has-text-align-justify has-white-background-color has-background has-medium-font-size\">Geociencias Ikiam es un proyecto creado en el 2021 con la finalidad de dar a conocer a nivel nacional e internacional sobre la carrera Geociencias, esto permitir\u00e1 atraer\u00a0la mayor cantidad de estudiantes mediante contenidos audiovisuales.\u00a0 Estos contenidos est\u00e1n enfocados en todas las \u00e1reas necesarias que los estudiantes requieren para vivir en la ciudad de Tena-Napo-Ecuador como: transporte, arriendos, lugares tur\u00edsticos, como es la ciudad, en que se enfoca cada asignatura de la carrera.\u00a0 Tambi\u00e9n en la difusi\u00f3n de Simposios, Talleres y Podcast.<\/p>\n\n\n\n<h2 class=\"wp-block-heading has-text-align-center\"><strong>EQUIPO DE TRABAJO <\/strong><\/h2>\n\n\n\n<p><\/p>\n\n\n\n<div class=\"wp-block-media-text alignwide is-stacked-on-mobile\" style=\"grid-template-columns:40% auto\"><figure class=\"wp-block-media-text__media\"><img fetchpriority=\"high\" decoding=\"async\" width=\"320\" height=\"266\" src=\"https:\/\/proyectogeociencias.ikiam.edu.ec\/wp-content\/uploads\/2021\/05\/pasted-image-0.png?w=320\" alt=\"\" class=\"wp-image-98 size-full\"\/><\/figure><div class=\"wp-block-media-text__content\">\n<p class=\"has-large-font-size\"><strong>Bryan Valencia, PhD.&nbsp;<\/strong><\/p>\n\n\n\n<p><strong>Personal Acad\u00e9mico Titular<\/strong><\/p>\n\n\n\n<p class=\"has-text-align-justify\">Director del proyecto Geociencias desde el 2021. Mi especialidad es la paleoecolog\u00eda y la reconstrucci\u00f3n paleoclim\u00e1tica en regiones neotropicales. Mi trabajo consiste en el an\u00e1lisis y la interpretaci\u00f3n de registros clim\u00e1ticos que almacenan informaci\u00f3n sobre la din\u00e1mica del clima y el paisaje en escalas de tiempo de d\u00e9cadas a milenios.<\/p>\n<\/div><\/div>\n\n\n\n<p>\u200e<\/p>\n\n\n\n<p><\/p>\n\n\n\n<div class=\"wp-block-media-text alignwide has-media-on-the-right is-stacked-on-mobile\" style=\"grid-template-columns:auto 28%\"><div class=\"wp-block-media-text__content\">\n<p class=\"has-large-font-size\"><strong>Cristian W. Alvarado <\/strong><\/p>\n\n\n\n<p class=\"has-text-align-justify\">Coordinador y representante del Proyecto Geociencias. Estudiante de 6to semestre de la carrera de Geociencias. Se uni\u00f3 al equipo de trabajo del Proyecto Geociencias en Abril del 2024.<\/p>\n\n\n\n<p class=\"has-large-font-size\">&nbsp;&nbsp;&nbsp;&nbsp;&nbsp;<\/p>\n<\/div><figure class=\"wp-block-media-text__media\"><img decoding=\"async\" width=\"3488\" height=\"4640\" src=\"https:\/\/proyectogeociencias.ikiam.edu.ec\/wp-content\/uploads\/2024\/05\/1715201225067.jpg\" alt=\"\" class=\"wp-image-1132 size-full\"\/><\/figure><\/div>\n\n\n\n<p><\/p>\n\n\n\n<div class=\"wp-block-media-text alignwide is-stacked-on-mobile\" style=\"grid-template-columns:28% auto\"><figure class=\"wp-block-media-text__media\"><img decoding=\"async\" width=\"634\" height=\"937\" src=\"https:\/\/proyectogeociencias.ikiam.edu.ec\/wp-content\/uploads\/2023\/08\/Captura-de-pantalla-2023-08-30-074755.jpg\" alt=\"\" class=\"wp-image-975 size-full\"\/><\/figure><div class=\"wp-block-media-text__content\">\n<p><\/p>\n\n\n\n<p class=\"has-large-font-size\"><strong>Julieth E. Chancay S\u00e1nchez <\/strong><\/p>\n\n\n\n<p class=\"has-text-align-justify\">Coordinadora y representante del proyecto Geociencias Ikiam desde agosto del 2022. Estudiante de 8vo semestre de la carrera de Geociencias. Se uni\u00f3 al equipo de trabajo del Proyecto Geociencias en diciembre del 2021.<\/p>\n\n\n\n<p class=\"has-large-font-size\">&nbsp;&nbsp;&nbsp;&nbsp;&nbsp;<\/p>\n<\/div><\/div>\n\n\n\n<div class=\"wp-block-media-text alignwide has-media-on-the-right is-stacked-on-mobile\" style=\"grid-template-columns:auto 28%\"><div class=\"wp-block-media-text__content\">\n<p><\/p>\n\n\n\n<p class=\"has-large-font-size\"><strong>Mishell Estefan\u00eda Cabrera Jim\u00e9nez. <\/strong><\/p>\n\n\n\n<p class=\"has-text-align-justify\">Estudiante de 8vo semestre de la carrera de Geociencias. Pertenece al equipo de trabajo del Proyecto Geociencias Ikiam.<\/p>\n\n\n\n<p class=\"has-large-font-size\">&nbsp;&nbsp;&nbsp;&nbsp;&nbsp;<\/p>\n<\/div><figure class=\"wp-block-media-text__media\"><img loading=\"lazy\" decoding=\"async\" width=\"1024\" height=\"1280\" src=\"https:\/\/proyectogeociencias.ikiam.edu.ec\/wp-content\/uploads\/2024\/07\/WhatsApp-Image-2024-07-24-at-2.49.21-PM.jpeg\" alt=\"\" class=\"wp-image-1506 size-full\"\/><\/figure><\/div>\n\n\n\n<div class=\"wp-block-media-text alignwide is-stacked-on-mobile\" style=\"grid-template-columns:28% auto\"><figure class=\"wp-block-media-text__media\"><img loading=\"lazy\" decoding=\"async\" width=\"319\" height=\"447\" src=\"https:\/\/proyectogeociencias.ikiam.edu.ec\/wp-content\/uploads\/2023\/08\/4.jpg\" alt=\"\" class=\"wp-image-983 size-full\"\/><\/figure><div class=\"wp-block-media-text__content\">\n<p><\/p>\n\n\n\n<p class=\"has-large-font-size\"><strong>Jennifer Jara. <\/strong><\/p>\n\n\n\n<p class=\"has-text-align-justify\">Estudiante de 8vo semestre de la carrera de Geociencias. Pertenece al equipo de trabajo del Proyecto Geociencias Ikiam.<\/p>\n\n\n\n<p class=\"has-large-font-size\">&nbsp;&nbsp;&nbsp;&nbsp;&nbsp;<\/p>\n<\/div><\/div>\n\n\n\n<div class=\"wp-block-media-text alignwide has-media-on-the-right is-stacked-on-mobile\" style=\"grid-template-columns:auto 28%\"><div class=\"wp-block-media-text__content\">\n<p><\/p>\n\n\n\n<p class=\"has-large-font-size\"><strong>Olga Nagelly Silva Icaza. <\/strong><\/p>\n\n\n\n<p class=\"has-text-align-justify\">Estudiante de 8vo semestre de la carrera de Geociencias. Pertenece al equipo de trabajo del Proyecto Geociencias Ikiam.<\/p>\n\n\n\n<p class=\"has-large-font-size\">&nbsp;&nbsp;&nbsp;&nbsp;&nbsp;<\/p>\n<\/div><figure class=\"wp-block-media-text__media\"><img loading=\"lazy\" decoding=\"async\" width=\"334\" height=\"441\" src=\"https:\/\/proyectogeociencias.ikiam.edu.ec\/wp-content\/uploads\/2023\/08\/5.jpg\" alt=\"\" class=\"wp-image-984 size-full\"\/><\/figure><\/div>\n\n\n\n<div class=\"wp-block-media-text alignwide is-stacked-on-mobile\" style=\"grid-template-columns:28% auto\"><figure class=\"wp-block-media-text__media\"><img loading=\"lazy\" decoding=\"async\" width=\"348\" height=\"409\" src=\"https:\/\/proyectogeociencias.ikiam.edu.ec\/wp-content\/uploads\/2023\/08\/7-1.jpg\" alt=\"\" class=\"wp-image-987 size-full\"\/><\/figure><div class=\"wp-block-media-text__content\">\n<p><\/p>\n\n\n\n<p class=\"has-large-font-size\"><strong>Karen Giselle Procel Jara. <\/strong><\/p>\n\n\n\n<p class=\"has-text-align-justify\">Estudiante de 8vo semestre de la carrera de Geociencias. Pertenece al equipo de trabajo del Proyecto Geociencias Ikiam.<\/p>\n\n\n\n<p class=\"has-large-font-size\">&nbsp;&nbsp;&nbsp;&nbsp;&nbsp;<\/p>\n<\/div><\/div>\n\n\n\n<div class=\"wp-block-media-text alignwide has-media-on-the-right is-stacked-on-mobile\" style=\"grid-template-columns:auto 28%\"><div class=\"wp-block-media-text__content\">\n<p><\/p>\n\n\n\n<p class=\"has-large-font-size\"><strong>Ehiner Efrain Tapia Cordero. <\/strong><\/p>\n\n\n\n<p class=\"has-text-align-justify\">Estudiante de 7mo semestre de la carrera de Geociencias. Pertenece al equipo de trabajo del Proyecto Geociencias Ikiam.<\/p>\n\n\n\n<p class=\"has-large-font-size\">&nbsp;&nbsp;&nbsp;&nbsp;&nbsp;<\/p>\n<\/div><figure class=\"wp-block-media-text__media\"><img loading=\"lazy\" decoding=\"async\" width=\"352\" height=\"331\" src=\"https:\/\/proyectogeociencias.ikiam.edu.ec\/wp-content\/uploads\/2023\/08\/8.jpg\" alt=\"\" class=\"wp-image-988 size-full\"\/><\/figure><\/div>\n\n\n\n<div class=\"wp-block-media-text alignwide is-stacked-on-mobile\" style=\"grid-template-columns:28% auto\"><figure class=\"wp-block-media-text__media\"><img loading=\"lazy\" decoding=\"async\" width=\"417\" height=\"450\" src=\"https:\/\/proyectogeociencias.ikiam.edu.ec\/wp-content\/uploads\/2023\/08\/9.jpg\" alt=\"\" class=\"wp-image-989 size-full\"\/><\/figure><div class=\"wp-block-media-text__content\">\n<p><\/p>\n\n\n\n<p class=\"has-large-font-size\"><strong>Johnny Hidalgo Rosas. <\/strong><\/p>\n\n\n\n<p class=\"has-text-align-justify\">Estudiante de 7mo semestre de la carrera de Geociencias. Pertenece al equipo de trabajo del Proyecto Geociencias Ikiam.<\/p>\n\n\n\n<p class=\"has-large-font-size\">&nbsp;&nbsp;&nbsp;&nbsp;&nbsp;<\/p>\n<\/div><\/div>\n","protected":false},"excerpt":{"rendered":"<p>Geociencias Ikiam es un proyecto creado en el 2021 con la finalidad de dar a conocer a nivel nacional e internacional sobre la carrera Geociencias, esto permitir\u00e1 atraer\u00a0la mayor cantidad de estudiantes mediante contenidos audiovisuales.\u00a0 Estos contenidos est\u00e1n enfocados en todas las \u00e1reas necesarias que los estudiantes requieren para vivir [&hellip;]<\/p>\n","protected":false},"author":23,"featured_media":0,"parent":0,"menu_order":0,"comment_status":"closed","ping_status":"closed","template":"","meta":[],"_links":{"self":[{"href":"https:\/\/proyectogeociencias.ikiam.edu.ec\/index.php\/wp-json\/wp\/v2\/pages\/1458"}],"collection":[{"href":"https:\/\/proyectogeociencias.ikiam.edu.ec\/index.php\/wp-json\/wp\/v2\/pages"}],"about":[{"href":"https:\/\/proyectogeociencias.ikiam.edu.ec\/index.php\/wp-json\/wp\/v2\/types\/page"}],"author":[{"embeddable":true,"href":"https:\/\/proyectogeociencias.ikiam.edu.ec\/index.php\/wp-json\/wp\/v2\/users\/23"}],"replies":[{"embeddable":true,"href":"https:\/\/proyectogeociencias.ikiam.edu.ec\/index.php\/wp-json\/wp\/v2\/comments?post=1458"}],"version-history":[{"count":7,"href":"https:\/\/proyectogeociencias.ikiam.edu.ec\/index.php\/wp-json\/wp\/v2\/pages\/1458\/revisions"}],"predecessor-version":[{"id":1603,"href":"https:\/\/proyectogeociencias.ikiam.edu.ec\/index.php\/wp-json\/wp\/v2\/pages\/1458\/revisions\/1603"}],"wp:attachment":[{"href":"https:\/\/proyectogeociencias.ikiam.edu.ec\/index.php\/wp-json\/wp\/v2\/media?parent=1458"}],"curies":[{"name":"wp","href":"https:\/\/api.w.org\/{rel}","templated":true}]}}