{"id":1482,"date":"2024-07-23T15:18:21","date_gmt":"2024-07-23T15:18:21","guid":{"rendered":"http:\/\/proyectogeociencias.ikiam.edu.ec\/?page_id=1482"},"modified":"2024-07-23T15:25:54","modified_gmt":"2024-07-23T15:25:54","slug":"field-trip-una-nueva-oportunidad-para-seguir-aprendiendo","status":"publish","type":"page","link":"https:\/\/proyectogeociencias.ikiam.edu.ec\/index.php\/field-trip-una-nueva-oportunidad-para-seguir-aprendiendo\/","title":{"rendered":"Field Trip: Una nueva oportunidad para seguir aprendiendo"},"content":{"rendered":"\n<p>El cap\u00edtulo estudiantil AAPG-IKIAM realiz\u00f3 un evento FIELD TRIP que const\u00f3 de un taller Te\u00f3rico- Practico que se desarrollo en los alrededores del cant\u00f3n Tena, en los barrios \u00abLas Antenas \u00aby \u00abLas Ver\u00f3nicas\u00bb donde se dieron las explicaciones de un RECONOCIMIENTO MORFOTECT\u00d3NICO Y EVIDENCIA PALEOSISMOLOG\u00cdCA DE UN FALLAMIENTO ACTIVO otorgado por el PhD. Oswaldo Guzm\u00e1n brind\u00e1ndonos informaci\u00f3n muy importante y fundamental para poder identificar zonas que nos indican que el relieve va cambiando por una falla activa en el lugar.<\/p>\n\n\n\n<figure class=\"wp-block-image size-full\"><img fetchpriority=\"high\" decoding=\"async\" width=\"1600\" height=\"1200\" src=\"https:\/\/proyectogeociencias.ikiam.edu.ec\/wp-content\/uploads\/2024\/07\/449145491_435828272755571_1214402113944346073_n-1.jpg\" alt=\"\" class=\"wp-image-1483\"\/><\/figure>\n","protected":false},"excerpt":{"rendered":"<p>El cap\u00edtulo estudiantil AAPG-IKIAM realiz\u00f3 un evento FIELD TRIP que const\u00f3 de un taller Te\u00f3rico- Practico que se desarrollo en los alrededores del cant\u00f3n Tena, en los barrios \u00abLas Antenas \u00aby \u00abLas Ver\u00f3nicas\u00bb donde se dieron las explicaciones de un RECONOCIMIENTO MORFOTECT\u00d3NICO Y EVIDENCIA PALEOSISMOLOG\u00cdCA DE UN FALLAMIENTO ACTIVO otorgado [&hellip;]<\/p>\n","protected":false},"author":23,"featured_media":0,"parent":0,"menu_order":0,"comment_status":"closed","ping_status":"closed","template":"","meta":[],"_links":{"self":[{"href":"https:\/\/proyectogeociencias.ikiam.edu.ec\/index.php\/wp-json\/wp\/v2\/pages\/1482"}],"collection":[{"href":"https:\/\/proyectogeociencias.ikiam.edu.ec\/index.php\/wp-json\/wp\/v2\/pages"}],"about":[{"href":"https:\/\/proyectogeociencias.ikiam.edu.ec\/index.php\/wp-json\/wp\/v2\/types\/page"}],"author":[{"embeddable":true,"href":"https:\/\/proyectogeociencias.ikiam.edu.ec\/index.php\/wp-json\/wp\/v2\/users\/23"}],"replies":[{"embeddable":true,"href":"https:\/\/proyectogeociencias.ikiam.edu.ec\/index.php\/wp-json\/wp\/v2\/comments?post=1482"}],"version-history":[{"count":1,"href":"https:\/\/proyectogeociencias.ikiam.edu.ec\/index.php\/wp-json\/wp\/v2\/pages\/1482\/revisions"}],"predecessor-version":[{"id":1484,"href":"https:\/\/proyectogeociencias.ikiam.edu.ec\/index.php\/wp-json\/wp\/v2\/pages\/1482\/revisions\/1484"}],"wp:attachment":[{"href":"https:\/\/proyectogeociencias.ikiam.edu.ec\/index.php\/wp-json\/wp\/v2\/media?parent=1482"}],"curies":[{"name":"wp","href":"https:\/\/api.w.org\/{rel}","templated":true}]}}