{"id":1513,"date":"2024-07-29T22:27:23","date_gmt":"2024-07-29T22:27:23","guid":{"rendered":"http:\/\/proyectogeociencias.ikiam.edu.ec\/?page_id=1513"},"modified":"2024-07-29T22:27:23","modified_gmt":"2024-07-29T22:27:23","slug":"transporte-y-acumulacion-de-microplasticos-en-ambientes-sedimentarios-amazonicos","status":"publish","type":"page","link":"https:\/\/proyectogeociencias.ikiam.edu.ec\/index.php\/transporte-y-acumulacion-de-microplasticos-en-ambientes-sedimentarios-amazonicos\/","title":{"rendered":"Transporte y acumulaci\u00f3n de micropl\u00e1sticos en ambientes sedimentarios amaz\u00f3nicos"},"content":{"rendered":"\n<p>En 2023, la producci\u00f3n de pl\u00e1sticos alcanz\u00f3 400 millones de toneladas. Los pl\u00e1sticos se fragmentan en micropl\u00e1sticos (&lt;5 mm), considerados microcontaminantes globales. Medir su cantidad es crucial para evaluar la contaminaci\u00f3n y el impacto en ecosistemas. Anteriormente se han encontrado micropl\u00e1sticos en sedimentos del r\u00edo Tena, afectando la salud humana y ambiental. El grupo busca comprender como es el transporte y acumulaci\u00f3n de micropl\u00e1sticos en ambientes sedimentarios amaz\u00f3nicos.<\/p>\n\n\n\n<figure class=\"wp-block-image size-full\"><a href=\"https:\/\/youtu.be\/DG19AYCm4qg\"><img fetchpriority=\"high\" decoding=\"async\" width=\"1800\" height=\"1002\" src=\"https:\/\/proyectogeociencias.ikiam.edu.ec\/wp-content\/uploads\/2024\/07\/Captura-de-pantalla-2024-07-29-172615.png\" alt=\"\" class=\"wp-image-1515\"\/><\/a><\/figure>\n\n\n\n<p>Video elaborado por Mishell Cabrera, Julieth Chancay y David Portillo.<\/p>\n","protected":false},"excerpt":{"rendered":"<p>En 2023, la producci\u00f3n de pl\u00e1sticos alcanz\u00f3 400 millones de toneladas. Los pl\u00e1sticos se fragmentan en micropl\u00e1sticos (&lt;5 mm), considerados microcontaminantes globales. Medir su cantidad es crucial para evaluar la contaminaci\u00f3n y el impacto en ecosistemas. Anteriormente se han encontrado micropl\u00e1sticos en sedimentos del r\u00edo Tena, afectando la salud humana [&hellip;]<\/p>\n","protected":false},"author":23,"featured_media":0,"parent":0,"menu_order":0,"comment_status":"closed","ping_status":"closed","template":"","meta":[],"_links":{"self":[{"href":"https:\/\/proyectogeociencias.ikiam.edu.ec\/index.php\/wp-json\/wp\/v2\/pages\/1513"}],"collection":[{"href":"https:\/\/proyectogeociencias.ikiam.edu.ec\/index.php\/wp-json\/wp\/v2\/pages"}],"about":[{"href":"https:\/\/proyectogeociencias.ikiam.edu.ec\/index.php\/wp-json\/wp\/v2\/types\/page"}],"author":[{"embeddable":true,"href":"https:\/\/proyectogeociencias.ikiam.edu.ec\/index.php\/wp-json\/wp\/v2\/users\/23"}],"replies":[{"embeddable":true,"href":"https:\/\/proyectogeociencias.ikiam.edu.ec\/index.php\/wp-json\/wp\/v2\/comments?post=1513"}],"version-history":[{"count":1,"href":"https:\/\/proyectogeociencias.ikiam.edu.ec\/index.php\/wp-json\/wp\/v2\/pages\/1513\/revisions"}],"predecessor-version":[{"id":1516,"href":"https:\/\/proyectogeociencias.ikiam.edu.ec\/index.php\/wp-json\/wp\/v2\/pages\/1513\/revisions\/1516"}],"wp:attachment":[{"href":"https:\/\/proyectogeociencias.ikiam.edu.ec\/index.php\/wp-json\/wp\/v2\/media?parent=1513"}],"curies":[{"name":"wp","href":"https:\/\/api.w.org\/{rel}","templated":true}]}}