{"id":1538,"date":"2024-08-19T23:14:34","date_gmt":"2024-08-19T23:14:34","guid":{"rendered":"http:\/\/proyectogeociencias.ikiam.edu.ec\/?page_id=1538"},"modified":"2024-08-19T23:34:41","modified_gmt":"2024-08-19T23:34:41","slug":"identificacion-de-refugios-andinos-resilientes-al-cambio-climatico","status":"publish","type":"page","link":"https:\/\/proyectogeociencias.ikiam.edu.ec\/index.php\/identificacion-de-refugios-andinos-resilientes-al-cambio-climatico\/","title":{"rendered":"Identificaci\u00f3n de refugios andinos resilientes al cambio clim\u00e1tico."},"content":{"rendered":"\n<p>El objetivo principal de este proyecto fue verificar que lugares que tienen una alta heterogeneidad topogr\u00e1fica (Topographic Rougness Index, TRI) tienen mayor resiliencia a incendios. El estudio se realiz\u00f3 en zonas altoandinas de Ecuador y Per\u00fa con elevaciones superiores a los 2500 metros. Los resultados muestran que la persistencia de bosques se da en zonas que tienen un alto TRI y que la propagaci\u00f3n de los incendios es limitada cuando se tiene alta heterogeneidad topogr\u00e1fica. Los resultados y datos generados por este proyecto y explicados en el video se encuentran aqu\u00ed:<\/p>\n\n\n\n<figure class=\"wp-block-image size-full\"><a href=\"https:\/\/youtu.be\/gLUY1DiJyzE?si=B06iOPOjX4kLCbFF\"><img fetchpriority=\"high\" decoding=\"async\" width=\"1501\" height=\"772\" src=\"https:\/\/proyectogeociencias.ikiam.edu.ec\/wp-content\/uploads\/2024\/08\/Captura-de-pantalla-2024-08-19-181347.png\" alt=\"\" class=\"wp-image-1539\"\/><\/a><\/figure>\n\n\n\n<p><\/p>\n\n\n\n<h2 class=\"wp-block-heading has-text-align-left\"><strong>Ediciones impresas del proyecto<\/strong><\/h2>\n\n\n\n<div class=\"wp-block-media-text alignwide is-stacked-on-mobile\" style=\"grid-template-columns:35% auto\"><figure class=\"wp-block-media-text__media\"><img decoding=\"async\" width=\"970\" height=\"1378\" src=\"https:\/\/proyectogeociencias.ikiam.edu.ec\/wp-content\/uploads\/2024\/08\/Captura-de-pantalla-2024-08-19-181942-1.png\" alt=\"\" class=\"wp-image-1544 size-full\"\/><\/figure><div class=\"wp-block-media-text__content\">\n<p>Para acceder al p\u00f3ster completo da clic <a href=\"https:\/\/drive.google.com\/file\/d\/1Aa3Q-wzzM7fH9RTBfWA1MmJDJj776gZ2\/view?usp=sharing\">aqu\u00ed<\/a>:<\/p>\n\n\n\n<div class=\"wp-block-buttons is-layout-flex\">\n<div class=\"wp-block-button is-style-outline\"><a class=\"wp-block-button__link wp-element-button\" href=\"https:\/\/drive.google.com\/file\/d\/1Aa3Q-wzzM7fH9RTBfWA1MmJDJj776gZ2\/view?usp=sharing\">M\u00e1s informaci\u00f3n<\/a><\/div>\n<\/div>\n<\/div><\/div>\n\n\n\n<p><\/p>\n\n\n\n<h2 class=\"wp-block-heading\"><strong>Resultados del proyecto<\/strong><\/h2>\n\n\n\n<p>Para acceder a los resultados en formato .tif del proyecto de refugios andinos resilientes al cambio clim\u00e1tico dar clic en los siguientes links:<\/p>\n\n\n\n<ol>\n<li><a href=\"https:\/\/drive.google.com\/file\/d\/1FxdRJ-NujqvCFlglE70Yi7sMelCwCkQv\/view\">TRI (heterogeneidad topogr\u00e1fica para Ecuador continental<\/a><\/li>\n\n\n\n<li><a href=\"https:\/\/drive.google.com\/file\/d\/1dpqYN1vzawn3VXxE2HnuPWPPtYzeU7CK\/view\">NDVI para Ecuador continental<\/a><\/li>\n\n\n\n<li><a href=\"https:\/\/drive.google.com\/file\/d\/1e9W8s67nIYQR7aj9fuja6jlSY-UYBNpt\/view\">Incendios del 2015 para Ecuador continental<\/a><\/li>\n<\/ol>\n","protected":false},"excerpt":{"rendered":"<p>El objetivo principal de este proyecto fue verificar que lugares que tienen una alta heterogeneidad topogr\u00e1fica (Topographic Rougness Index, TRI) tienen mayor resiliencia a incendios. El estudio se realiz\u00f3 en zonas altoandinas de Ecuador y Per\u00fa con elevaciones superiores a los 2500 metros. Los resultados muestran que la persistencia de [&hellip;]<\/p>\n","protected":false},"author":23,"featured_media":0,"parent":0,"menu_order":0,"comment_status":"closed","ping_status":"closed","template":"","meta":[],"_links":{"self":[{"href":"https:\/\/proyectogeociencias.ikiam.edu.ec\/index.php\/wp-json\/wp\/v2\/pages\/1538"}],"collection":[{"href":"https:\/\/proyectogeociencias.ikiam.edu.ec\/index.php\/wp-json\/wp\/v2\/pages"}],"about":[{"href":"https:\/\/proyectogeociencias.ikiam.edu.ec\/index.php\/wp-json\/wp\/v2\/types\/page"}],"author":[{"embeddable":true,"href":"https:\/\/proyectogeociencias.ikiam.edu.ec\/index.php\/wp-json\/wp\/v2\/users\/23"}],"replies":[{"embeddable":true,"href":"https:\/\/proyectogeociencias.ikiam.edu.ec\/index.php\/wp-json\/wp\/v2\/comments?post=1538"}],"version-history":[{"count":4,"href":"https:\/\/proyectogeociencias.ikiam.edu.ec\/index.php\/wp-json\/wp\/v2\/pages\/1538\/revisions"}],"predecessor-version":[{"id":1548,"href":"https:\/\/proyectogeociencias.ikiam.edu.ec\/index.php\/wp-json\/wp\/v2\/pages\/1538\/revisions\/1548"}],"wp:attachment":[{"href":"https:\/\/proyectogeociencias.ikiam.edu.ec\/index.php\/wp-json\/wp\/v2\/media?parent=1538"}],"curies":[{"name":"wp","href":"https:\/\/api.w.org\/{rel}","templated":true}]}}