{"id":237,"date":"2021-06-15T15:42:04","date_gmt":"2021-06-15T15:42:04","guid":{"rendered":"https:\/\/proyectogeociencias.ikiam.edu.ec\/?page_id=237"},"modified":"2024-07-22T22:03:58","modified_gmt":"2024-07-22T22:03:58","slug":"vinculacion","status":"publish","type":"page","link":"https:\/\/proyectogeociencias.ikiam.edu.ec\/index.php\/vinculacion\/","title":{"rendered":"Proyectos de vinculaci\u00f3n"},"content":{"rendered":"\n<div class=\"wp-block-media-text alignwide has-media-on-the-right is-stacked-on-mobile\" style=\"grid-template-columns:auto 49%\"><div class=\"wp-block-media-text__content\">\n<p class=\"has-large-font-size\"><strong>Proyecto Geociencias Ikiam <\/strong><\/p>\n\n\n\n<p>Contactos <\/p>\n\n\n\n<p>bryan.valencia@ikiam.edu.ec<\/p>\n\n\n\n<p>julieth.chancay@est.ikiam.edu.ec<\/p>\n\n\n\n<div class=\"wp-block-buttons is-layout-flex\">\n<div class=\"wp-block-button\"><a class=\"wp-block-button__link wp-element-button\" href=\"https:\/\/proyectogeociencias.ikiam.edu.ec\/index.php\/proyecto-geociencias-ikiam\/\">M\u00e1s informaci\u00f3n<\/a><\/div>\n<\/div>\n\n\n\n<p><\/p>\n\n\n\n<p><\/p>\n\n\n\n<p><\/p>\n\n\n\n<p><\/p>\n<\/div><figure class=\"wp-block-media-text__media\"><img fetchpriority=\"high\" decoding=\"async\" width=\"4000\" height=\"2252\" src=\"https:\/\/proyectogeociencias.ikiam.edu.ec\/wp-content\/uploads\/2024\/05\/WhatsApp-Image-2024-05-17-at-8.39.59-AM.jpeg\" alt=\"\" class=\"wp-image-1353 size-full\"\/><\/figure><\/div>\n\n\n\n<div class=\"wp-block-media-text alignwide is-stacked-on-mobile\" style=\"grid-template-columns:46% auto\" id=\"ConcursoCristales\"><figure class=\"wp-block-media-text__media\"><a href=\"#ConcursoCristales\"><img decoding=\"async\" width=\"4624\" height=\"3472\" src=\"https:\/\/proyectogeociencias.ikiam.edu.ec\/wp-content\/uploads\/2024\/05\/IMG_20230321_122751881.jpg\" alt=\"\" class=\"wp-image-1352 size-full\"\/><\/a><\/figure><div class=\"wp-block-media-text__content\">\n<p class=\"has-text-align-left has-large-font-size\"><strong>Proyecto de Dise\u00f1o e Implementaci\u00f3n del Primer Concurso de Cristalizaci\u00f3n en Escuelas para la Ense\u00f1anza de Ciencias de la Tierra <\/strong><\/p>\n\n\n\n<p>Contactos <\/p>\n\n\n\n<p>corina.campos@ikiam.edu.ec<\/p>\n\n\n\n<div class=\"wp-block-buttons is-layout-flex\">\n<div class=\"wp-block-button\"><a class=\"wp-block-button__link wp-element-button\" href=\"https:\/\/proyectogeociencias.ikiam.edu.ec\/index.php\/proyecto-de-diseno-e-implementacion-del-primer-concurso-de-cristalizacion-en-escuelas-para-la-ensenanza-de-ciencias-de-la-tierra\/\">M\u00e1s informaci\u00f3n<\/a><\/div>\n<\/div>\n<\/div><\/div>\n\n\n\n<p><\/p>\n\n\n\n<div class=\"wp-block-group alignwide is-layout-flow\"><div class=\"wp-block-group__inner-container\"><\/div><\/div>\n\n\n\n<div class=\"wp-block-buttons is-layout-flex\"><\/div>\n\n\n\n<p><\/p>\n","protected":false},"excerpt":{"rendered":"","protected":false},"author":4,"featured_media":0,"parent":0,"menu_order":2,"comment_status":"closed","ping_status":"closed","template":"","meta":[],"_links":{"self":[{"href":"https:\/\/proyectogeociencias.ikiam.edu.ec\/index.php\/wp-json\/wp\/v2\/pages\/237"}],"collection":[{"href":"https:\/\/proyectogeociencias.ikiam.edu.ec\/index.php\/wp-json\/wp\/v2\/pages"}],"about":[{"href":"https:\/\/proyectogeociencias.ikiam.edu.ec\/index.php\/wp-json\/wp\/v2\/types\/page"}],"author":[{"embeddable":true,"href":"https:\/\/proyectogeociencias.ikiam.edu.ec\/index.php\/wp-json\/wp\/v2\/users\/4"}],"replies":[{"embeddable":true,"href":"https:\/\/proyectogeociencias.ikiam.edu.ec\/index.php\/wp-json\/wp\/v2\/comments?post=237"}],"version-history":[{"count":22,"href":"https:\/\/proyectogeociencias.ikiam.edu.ec\/index.php\/wp-json\/wp\/v2\/pages\/237\/revisions"}],"predecessor-version":[{"id":1365,"href":"https:\/\/proyectogeociencias.ikiam.edu.ec\/index.php\/wp-json\/wp\/v2\/pages\/237\/revisions\/1365"}],"wp:attachment":[{"href":"https:\/\/proyectogeociencias.ikiam.edu.ec\/index.php\/wp-json\/wp\/v2\/media?parent=237"}],"curies":[{"name":"wp","href":"https:\/\/api.w.org\/{rel}","templated":true}]}}