{"id":270,"date":"2021-06-23T20:55:50","date_gmt":"2021-06-23T20:55:50","guid":{"rendered":"https:\/\/proyectogeociencias.ikiam.edu.ec\/?page_id=270"},"modified":"2024-03-06T23:40:41","modified_gmt":"2024-03-06T23:40:41","slug":"cuarto-semestre","status":"publish","type":"page","link":"https:\/\/proyectogeociencias.ikiam.edu.ec\/index.php\/cuarto-semestre\/","title":{"rendered":"Cuarto Semestre"},"content":{"rendered":"\n<div class=\"wp-block-group is-layout-constrained\"><div class=\"wp-block-group__inner-container\">\n<div class=\"wp-block-group is-layout-constrained\"><div class=\"wp-block-group__inner-container\">\n<div class=\"wp-block-group is-layout-constrained\"><div class=\"wp-block-group__inner-container\">\n<h2 class=\"wp-block-heading\"><strong><em>Mineralog\u00eda<\/em><\/strong>.<\/h2>\n\n\n\n<figure class=\"wp-block-image size-large\"><img fetchpriority=\"high\" decoding=\"async\" width=\"2245\" height=\"3179\" src=\"https:\/\/proyectogeociencias.ikiam.edu.ec\/wp-content\/uploads\/2023\/07\/Minerales.png\" alt=\"\" class=\"wp-image-822\"\/><\/figure>\n\n\n\n<p>Elaborado por Julieth. E Chancay<\/p>\n\n\n\n<div class=\"wp-block-buttons is-layout-flex\">\n<div class=\"wp-block-button\"><a class=\"wp-block-button__link wp-element-button\" href=\"https:\/\/proyectogeociencias.ikiam.edu.ec\/wp-content\/uploads\/2023\/07\/Minerales-1.png\">Acceso al poster aqu\u00ed<\/a><\/div>\n<\/div>\n<\/div><\/div>\n<\/div><\/div>\n<\/div><\/div>\n\n\n\n<p><\/p>\n\n\n\n<div class=\"wp-block-group is-layout-constrained\"><div class=\"wp-block-group__inner-container\">\n<h3 class=\"wp-block-heading\"><strong><em>Curso Geolog\u00eda Hist\u00f3rica <\/em><\/strong><\/h3>\n\n\n\n<p class=\"has-text-align-justify\">\u00bfPor qu\u00e9 estudiamos Geolog\u00eda Hist\u00f3rica? \u00bfCu\u00e1les son sus aplicaciones? Y \u00bfQu\u00e9 hacemos en el curso? Todas estas respuestas las da el docente investigador Bryan Valencia en el siguiente video <\/p>\n<\/div><\/div>\n\n\n\n<figure class=\"wp-block-image size-large\"><a href=\"https:\/\/youtu.be\/wSvHfYyzJoI\"><img decoding=\"async\" width=\"1837\" height=\"1039\" src=\"https:\/\/proyectogeociencias.ikiam.edu.ec\/wp-content\/uploads\/2023\/07\/Captura-de-pantalla-2023-07-25-181009.jpg\" alt=\"\" class=\"wp-image-819\"\/><\/a><\/figure>\n\n\n\n<figure class=\"wp-block-image size-large\"><img decoding=\"async\" width=\"983\" height=\"549\" src=\"https:\/\/proyectogeociencias.ikiam.edu.ec\/wp-content\/uploads\/2021\/07\/Gh-logo-2.png\" alt=\"\" class=\"wp-image-369\"\/><\/figure>\n\n\n\n<h3 class=\"wp-block-heading\"><strong><em>Curso Sistemas de Informaci\u00f3n Geogr\u00e1fica (SIG)<\/em><\/strong><\/h3>\n\n\n\n<p class=\"has-text-align-justify\">En este video el docente investigador Bryan Valencia explica la importancia de los SIG para la Geociencias, aplicaciones y sobre que realizan los estudiantes que cursen la materia.<\/p>\n\n\n\n<figure class=\"wp-block-image size-large\"><a href=\"https:\/\/youtu.be\/nA58lLhAuA8\"><img loading=\"lazy\" decoding=\"async\" width=\"1867\" height=\"1033\" src=\"https:\/\/proyectogeociencias.ikiam.edu.ec\/wp-content\/uploads\/2023\/07\/Captura-de-pantalla-2023-07-25-181158.jpg\" alt=\"\" class=\"wp-image-820\"\/><\/a><\/figure>\n\n\n\n<figure class=\"wp-block-image size-large\"><img loading=\"lazy\" decoding=\"async\" width=\"989\" height=\"555\" src=\"https:\/\/proyectogeociencias.ikiam.edu.ec\/wp-content\/uploads\/2021\/07\/CONTENIDO-CURSO-GIS-1.png\" alt=\"\" class=\"wp-image-380\"\/><\/figure>\n\n\n\n<p><\/p>\n","protected":false},"excerpt":{"rendered":"<p>Mineralog\u00eda. Elaborado por Julieth. E Chancay Curso Geolog\u00eda Hist\u00f3rica \u00bfPor qu\u00e9 estudiamos Geolog\u00eda Hist\u00f3rica? \u00bfCu\u00e1les son sus aplicaciones? Y \u00bfQu\u00e9 hacemos en el curso? Todas estas respuestas las da el docente investigador Bryan Valencia en el siguiente video Curso Sistemas de Informaci\u00f3n Geogr\u00e1fica (SIG) En este video el docente investigador [&hellip;]<\/p>\n","protected":false},"author":4,"featured_media":0,"parent":0,"menu_order":0,"comment_status":"closed","ping_status":"closed","template":"","meta":[],"_links":{"self":[{"href":"https:\/\/proyectogeociencias.ikiam.edu.ec\/index.php\/wp-json\/wp\/v2\/pages\/270"}],"collection":[{"href":"https:\/\/proyectogeociencias.ikiam.edu.ec\/index.php\/wp-json\/wp\/v2\/pages"}],"about":[{"href":"https:\/\/proyectogeociencias.ikiam.edu.ec\/index.php\/wp-json\/wp\/v2\/types\/page"}],"author":[{"embeddable":true,"href":"https:\/\/proyectogeociencias.ikiam.edu.ec\/index.php\/wp-json\/wp\/v2\/users\/4"}],"replies":[{"embeddable":true,"href":"https:\/\/proyectogeociencias.ikiam.edu.ec\/index.php\/wp-json\/wp\/v2\/comments?post=270"}],"version-history":[{"count":14,"href":"https:\/\/proyectogeociencias.ikiam.edu.ec\/index.php\/wp-json\/wp\/v2\/pages\/270\/revisions"}],"predecessor-version":[{"id":1037,"href":"https:\/\/proyectogeociencias.ikiam.edu.ec\/index.php\/wp-json\/wp\/v2\/pages\/270\/revisions\/1037"}],"wp:attachment":[{"href":"https:\/\/proyectogeociencias.ikiam.edu.ec\/index.php\/wp-json\/wp\/v2\/media?parent=270"}],"curies":[{"name":"wp","href":"https:\/\/api.w.org\/{rel}","templated":true}]}}