{"id":273,"date":"2021-06-23T20:56:16","date_gmt":"2021-06-23T20:56:16","guid":{"rendered":"https:\/\/proyectogeociencias.ikiam.edu.ec\/?page_id=273"},"modified":"2023-07-26T01:28:12","modified_gmt":"2023-07-26T01:28:12","slug":"quinto-semestre","status":"publish","type":"page","link":"https:\/\/proyectogeociencias.ikiam.edu.ec\/index.php\/quinto-semestre\/","title":{"rendered":"Quinto Semestre"},"content":{"rendered":"\n<p><\/p>\n\n\n\n<h2 class=\"wp-block-heading\">Seminario de titulaci\u00f3n 1 <\/h2>\n\n\n\n<figure class=\"wp-block-image size-large\"><a href=\"https:\/\/youtu.be\/1G-q-VzR0z4\"><img fetchpriority=\"high\" decoding=\"async\" width=\"1684\" height=\"985\" src=\"https:\/\/proyectogeociencias.ikiam.edu.ec\/wp-content\/uploads\/2023\/07\/Captura-de-pantalla-2023-07-25-201553-1.jpg\" alt=\"\" class=\"wp-image-832\"\/><\/a><\/figure>\n\n\n\n<div class=\"wp-block-columns is-layout-flex wp-container-2\">\n<div class=\"wp-block-column is-layout-flow\" style=\"flex-basis:100%\">\n<p>REALIZADO POR: MISHELL CABRERA<\/p>\n<\/div>\n<\/div>\n\n\n\n<h2 class=\"wp-block-heading\">Geolog\u00eda de campo <\/h2>\n\n\n\n<figure class=\"wp-block-image size-large\"><a href=\"https:\/\/youtu.be\/RIbPPKS9_EU\"><img decoding=\"async\" width=\"1726\" height=\"963\" src=\"https:\/\/proyectogeociencias.ikiam.edu.ec\/wp-content\/uploads\/2023\/07\/Captura-de-pantalla-2023-07-25-201715-1.jpg\" alt=\"\" class=\"wp-image-835\"\/><\/a><\/figure>\n\n\n\n<p>REALIZADO POR: MISHELL CABRERA<\/p>\n\n\n\n<h2 class=\"wp-block-heading\">Petrograf\u00eda <\/h2>\n\n\n\n<figure class=\"wp-block-image size-large\"><a href=\"https:\/\/youtu.be\/xdnI3Yzg7wI\"><img decoding=\"async\" width=\"1753\" height=\"1008\" src=\"https:\/\/proyectogeociencias.ikiam.edu.ec\/wp-content\/uploads\/2023\/07\/Captura-de-pantalla-2023-07-25-202044.jpg\" alt=\"\" class=\"wp-image-837\"\/><\/a><\/figure>\n\n\n\n<p>REALIZADO POR : FERNANDA PUETATE<\/p>\n\n\n\n<h2 class=\"wp-block-heading\">Geodin\u00e1mica <\/h2>\n\n\n\n<figure class=\"wp-block-image size-large\"><a href=\"https:\/\/youtu.be\/5_FZ8neRFSU\"><img loading=\"lazy\" decoding=\"async\" width=\"1723\" height=\"1111\" src=\"https:\/\/proyectogeociencias.ikiam.edu.ec\/wp-content\/uploads\/2023\/07\/Captura-de-pantalla-2023-07-25-202228.jpg\" alt=\"\" class=\"wp-image-839\"\/><\/a><\/figure>\n\n\n\n<p>REALIZADO POR: ISABEL GARCIA LOPEZ <\/p>\n\n\n\n<h2 class=\"wp-block-heading\">Geoqu\u00edmica <\/h2>\n\n\n\n<figure class=\"wp-block-image size-large\"><a href=\"https:\/\/youtu.be\/EWNSnTMoCO8\"><img loading=\"lazy\" decoding=\"async\" width=\"1344\" height=\"747\" src=\"https:\/\/proyectogeociencias.ikiam.edu.ec\/wp-content\/uploads\/2023\/07\/Captura-de-pantalla-2023-07-25-202521.jpg\" alt=\"\" class=\"wp-image-840\"\/><\/a><\/figure>\n\n\n\n<p>REALIZADO POR ERICK VARGAS<\/p>\n\n\n\n<h2 class=\"wp-block-heading\">Seminario Especializado II <\/h2>\n\n\n\n<figure class=\"wp-block-image size-large\"><a href=\"https:\/\/youtu.be\/xgRCL4t6uPI\"><img loading=\"lazy\" decoding=\"async\" width=\"1849\" height=\"1093\" src=\"https:\/\/proyectogeociencias.ikiam.edu.ec\/wp-content\/uploads\/2023\/07\/Captura-de-pantalla-2023-07-25-202744.jpg\" alt=\"\" class=\"wp-image-842\"\/><\/a><\/figure>\n\n\n\n<p>REALIZADO POR GERMAN JACOME<\/p>\n","protected":false},"excerpt":{"rendered":"<p>Seminario de titulaci\u00f3n 1 REALIZADO POR: MISHELL CABRERA Geolog\u00eda de campo REALIZADO POR: MISHELL CABRERA Petrograf\u00eda REALIZADO POR : FERNANDA PUETATE Geodin\u00e1mica REALIZADO POR: ISABEL GARCIA LOPEZ Geoqu\u00edmica REALIZADO POR ERICK VARGAS Seminario Especializado II REALIZADO POR GERMAN JACOME<\/p>\n","protected":false},"author":4,"featured_media":0,"parent":0,"menu_order":0,"comment_status":"closed","ping_status":"closed","template":"","meta":[],"_links":{"self":[{"href":"https:\/\/proyectogeociencias.ikiam.edu.ec\/index.php\/wp-json\/wp\/v2\/pages\/273"}],"collection":[{"href":"https:\/\/proyectogeociencias.ikiam.edu.ec\/index.php\/wp-json\/wp\/v2\/pages"}],"about":[{"href":"https:\/\/proyectogeociencias.ikiam.edu.ec\/index.php\/wp-json\/wp\/v2\/types\/page"}],"author":[{"embeddable":true,"href":"https:\/\/proyectogeociencias.ikiam.edu.ec\/index.php\/wp-json\/wp\/v2\/users\/4"}],"replies":[{"embeddable":true,"href":"https:\/\/proyectogeociencias.ikiam.edu.ec\/index.php\/wp-json\/wp\/v2\/comments?post=273"}],"version-history":[{"count":14,"href":"https:\/\/proyectogeociencias.ikiam.edu.ec\/index.php\/wp-json\/wp\/v2\/pages\/273\/revisions"}],"predecessor-version":[{"id":843,"href":"https:\/\/proyectogeociencias.ikiam.edu.ec\/index.php\/wp-json\/wp\/v2\/pages\/273\/revisions\/843"}],"wp:attachment":[{"href":"https:\/\/proyectogeociencias.ikiam.edu.ec\/index.php\/wp-json\/wp\/v2\/media?parent=273"}],"curies":[{"name":"wp","href":"https:\/\/api.w.org\/{rel}","templated":true}]}}