{"id":276,"date":"2021-06-23T20:56:36","date_gmt":"2021-06-23T20:56:36","guid":{"rendered":"https:\/\/proyectogeociencias.ikiam.edu.ec\/?page_id=276"},"modified":"2023-07-31T16:46:33","modified_gmt":"2023-07-31T16:46:33","slug":"sexto-semestre","status":"publish","type":"page","link":"https:\/\/proyectogeociencias.ikiam.edu.ec\/index.php\/sexto-semestre\/","title":{"rendered":"Sexto Semestre"},"content":{"rendered":"\n<div class=\"wp-block-group is-layout-constrained\"><div class=\"wp-block-group__inner-container\">\n<h2 class=\"wp-block-heading\">Yacimientos Minerales <\/h2>\n\n\n\n<figure class=\"wp-block-image size-large\"><a href=\"https:\/\/www.youtube.com\/watch?v=a3EUeuQUBMs\"><img fetchpriority=\"high\" decoding=\"async\" width=\"1852\" height=\"924\" src=\"https:\/\/proyectogeociencias.ikiam.edu.ec\/wp-content\/uploads\/2023\/07\/Captura-de-pantalla-2023-07-25-164436.jpg\" alt=\"\" class=\"wp-image-812\"\/><\/a><figcaption class=\"wp-element-caption\">Elaborado por Dennys Chalco Ortega<\/figcaption><\/figure>\n\n\n\n<figure class=\"wp-block-image size-large\"><img decoding=\"async\" width=\"2245\" height=\"3179\" src=\"https:\/\/proyectogeociencias.ikiam.edu.ec\/wp-content\/uploads\/2023\/07\/Yacimientos-minerales-1.png\" alt=\"\" class=\"wp-image-827\"\/><\/figure>\n\n\n\n<p><\/p>\n\n\n\n<div class=\"wp-block-buttons is-layout-flex\">\n<div class=\"wp-block-button\"><a class=\"wp-block-button__link wp-element-button\" href=\"https:\/\/proyectogeociencias.ikiam.edu.ec\/wp-content\/uploads\/2023\/07\/Yacimientos-minerales-1-1.png\">Acceso al p\u00f3ster aqu\u00ed<\/a><\/div>\n<\/div>\n\n\n\n<p><\/p>\n\n\n\n<p>Elaborado por Julieth. E Chancay<\/p>\n<\/div><\/div>\n\n\n\n<h2 class=\"wp-block-heading\">Geof\u00edsica <\/h2>\n\n\n\n<figure class=\"wp-block-image size-large is-style-default\"><img decoding=\"async\" width=\"1801\" height=\"1015\" src=\"https:\/\/proyectogeociencias.ikiam.edu.ec\/wp-content\/uploads\/2023\/07\/Captura-de-pantalla-2023-07-25-145755.jpg\" alt=\"\" class=\"wp-image-808\"\/><figcaption class=\"wp-element-caption\">Elaborado por Isabel Garc\u00eda L\u00f3pez<\/figcaption><\/figure>\n\n\n\n<h2 class=\"wp-block-heading\">Geolog\u00eda de hidrocarburos <\/h2>\n\n\n\n<figure class=\"wp-block-image size-large\"><a href=\"https:\/\/youtu.be\/TdXoxAaoF28\"><img loading=\"lazy\" decoding=\"async\" width=\"1963\" height=\"1095\" src=\"https:\/\/proyectogeociencias.ikiam.edu.ec\/wp-content\/uploads\/2023\/07\/Captura-de-pantalla-2023-07-25-150231.jpg\" alt=\"\" class=\"wp-image-810\"\/><\/a><figcaption class=\"wp-element-caption\">Elaborado por Erick Vargas<\/figcaption><\/figure>\n\n\n\n<h2 class=\"wp-block-heading\">Hidrogeolog\u00eda <\/h2>\n\n\n\n<figure class=\"wp-block-image size-large\"><a href=\"https:\/\/youtu.be\/AFwxEN3lPXg\"><img loading=\"lazy\" decoding=\"async\" width=\"1866\" height=\"922\" src=\"https:\/\/proyectogeociencias.ikiam.edu.ec\/wp-content\/uploads\/2023\/07\/Captura-de-pantalla-2023-07-25-165022.jpg\" alt=\"\" class=\"wp-image-815\"\/><\/a><figcaption class=\"wp-element-caption\">Elaborado por Julieth E. Chancay, Yannireth Onofre y Karen Procel<\/figcaption><\/figure>\n","protected":false},"excerpt":{"rendered":"<p>Yacimientos Minerales Elaborado por Julieth. E Chancay Geof\u00edsica Geolog\u00eda de hidrocarburos Hidrogeolog\u00eda<\/p>\n","protected":false},"author":4,"featured_media":0,"parent":0,"menu_order":0,"comment_status":"closed","ping_status":"closed","template":"","meta":[],"_links":{"self":[{"href":"https:\/\/proyectogeociencias.ikiam.edu.ec\/index.php\/wp-json\/wp\/v2\/pages\/276"}],"collection":[{"href":"https:\/\/proyectogeociencias.ikiam.edu.ec\/index.php\/wp-json\/wp\/v2\/pages"}],"about":[{"href":"https:\/\/proyectogeociencias.ikiam.edu.ec\/index.php\/wp-json\/wp\/v2\/types\/page"}],"author":[{"embeddable":true,"href":"https:\/\/proyectogeociencias.ikiam.edu.ec\/index.php\/wp-json\/wp\/v2\/users\/4"}],"replies":[{"embeddable":true,"href":"https:\/\/proyectogeociencias.ikiam.edu.ec\/index.php\/wp-json\/wp\/v2\/comments?post=276"}],"version-history":[{"count":17,"href":"https:\/\/proyectogeociencias.ikiam.edu.ec\/index.php\/wp-json\/wp\/v2\/pages\/276\/revisions"}],"predecessor-version":[{"id":908,"href":"https:\/\/proyectogeociencias.ikiam.edu.ec\/index.php\/wp-json\/wp\/v2\/pages\/276\/revisions\/908"}],"wp:attachment":[{"href":"https:\/\/proyectogeociencias.ikiam.edu.ec\/index.php\/wp-json\/wp\/v2\/media?parent=276"}],"curies":[{"name":"wp","href":"https:\/\/api.w.org\/{rel}","templated":true}]}}