{"id":296,"date":"2021-06-23T21:02:00","date_gmt":"2021-06-23T21:02:00","guid":{"rendered":"https:\/\/proyectogeociencias.ikiam.edu.ec\/?page_id=296"},"modified":"2024-08-19T23:15:12","modified_gmt":"2024-08-19T23:15:12","slug":"investigacion","status":"publish","type":"page","link":"https:\/\/proyectogeociencias.ikiam.edu.ec\/index.php\/investigacion\/","title":{"rendered":"Proyecto de investigaci\u00f3n"},"content":{"rendered":"\n<h2 class=\"wp-block-heading has-text-align-center\"><strong>Transporte y acumulaci\u00f3n de micropl\u00e1sticos en ambientes sedimentarios amaz\u00f3nicos<\/strong><\/h2>\n\n\n\n<div class=\"wp-block-media-text alignwide has-media-on-the-right is-stacked-on-mobile\" style=\"grid-template-columns:auto 49%\"><div class=\"wp-block-media-text__content\">\n<p><\/p>\n\n\n\n<p class=\"has-text-align-justify\">En 2023, la producci\u00f3n de pl\u00e1sticos alcanz\u00f3 400 millones de toneladas. Los pl\u00e1sticos se fragmentan en micropl\u00e1sticos (&lt;5 mm), considerados microcontaminantes globales. Medir su cantidad es crucial para evaluar la contaminaci\u00f3n y el impacto en ecosistemas. Anteriormente se han encontrado micropl\u00e1sticos en sedimentos del r\u00edo Tena, afectando la salud humana y ambiental. El grupo busca comprender como es el transporte y acumulaci\u00f3n de micropl\u00e1sticos en ambientes sedimentarios amaz\u00f3nicos.<\/p>\n\n\n\n<p><strong>Contactos <\/strong><\/p>\n\n\n\n<p>bryan.valencia@ikiam.edu.ec<\/p>\n\n\n\n<div class=\"wp-block-buttons is-layout-flex\">\n<div class=\"wp-block-button\"><a class=\"wp-block-button__link wp-element-button\" href=\"https:\/\/proyectogeociencias.ikiam.edu.ec\/index.php\/transporte-y-acumulacion-de-microplasticos-en-ambientes-sedimentarios-amazonicos\/\">M\u00e1s informaci\u00f3n<\/a><\/div>\n<\/div>\n\n\n\n<p><\/p>\n<\/div><figure class=\"wp-block-media-text__media\"><img fetchpriority=\"high\" decoding=\"async\" width=\"2016\" height=\"1512\" src=\"https:\/\/proyectogeociencias.ikiam.edu.ec\/wp-content\/uploads\/2024\/07\/WhatsApp-Image-2024-07-23-at-11.33.42-AM.jpeg\" alt=\"\" class=\"wp-image-1496 size-full\"\/><\/figure><\/div>\n\n\n\n<h2 class=\"wp-block-heading\"><strong>Identificaci\u00f3n de refugios andinos resilientes al cambio clim\u00e1tico<\/strong>.<\/h2>\n\n\n\n<div class=\"wp-block-media-text alignwide is-stacked-on-mobile\" style=\"grid-template-columns:58% auto\"><figure class=\"wp-block-media-text__media\"><img decoding=\"async\" width=\"1522\" height=\"850\" src=\"https:\/\/proyectogeociencias.ikiam.edu.ec\/wp-content\/uploads\/2024\/08\/Captura-de-pantalla-2024-08-19-180954.png\" alt=\"\" class=\"wp-image-1535 size-full\"\/><\/figure><div class=\"wp-block-media-text__content\">\n<p>El objetivo principal de este proyecto fue verificar que lugares que tienen una alta heterogeneidad topogr\u00e1fica (Topographic Rougness Index, TRI) tienen mayor resiliencia a incendios. El estudio se realiz\u00f3 en zonas altoandinas de Ecuador y Per\u00fa con elevaciones superiores a los 2500 metros. Los resultados muestran que la persistencia de bosques se da en zonas que tienen un alto TRI y que la propagaci\u00f3n de los incendios es limitada cuando se tiene alta heterogeneidad topogr\u00e1fica. Los resultados y datos generados por este proyecto y explicados en el video se encuentran aqu\u00ed<\/p>\n\n\n\n<div class=\"wp-block-buttons is-layout-flex\">\n<div class=\"wp-block-button\"><a class=\"wp-block-button__link wp-element-button\" href=\"https:\/\/proyectogeociencias.ikiam.edu.ec\/index.php\/identificacion-de-refugios-andinos-resilientes-al-cambio-climatico\/\">M\u00e1s informaci\u00f3n<\/a><\/div>\n<\/div>\n<\/div><\/div>\n\n\n\n<p><\/p>\n\n\n\n<h2 class=\"wp-block-heading has-text-align-center\"><strong>Evaluaci\u00f3n multidisciplinar de la actividad Neotect\u00f3nica de la Falla Porotoyacu en Tena, mediante anal\u00edsis sedimentol\u00f3gicos, geof\u00edsicos y geoqu\u00edmicos.<\/strong><\/h2>\n\n\n\n<p><\/p>\n\n\n\n<div class=\"wp-block-media-text alignwide is-stacked-on-mobile\" style=\"grid-template-columns:58% auto\"><figure class=\"wp-block-media-text__media\"><img decoding=\"async\" width=\"1600\" height=\"1200\" src=\"https:\/\/proyectogeociencias.ikiam.edu.ec\/wp-content\/uploads\/2024\/08\/WhatsApp-Image-2024-08-08-at-2.16.47-PM.jpeg\" alt=\"\" class=\"wp-image-1519 size-full\"\/><\/figure><div class=\"wp-block-media-text__content\">\n<p><\/p>\n\n\n\n<p class=\"has-text-align-justify\">La sismicidad en Ecuador est\u00e1 influenciada principalmente por la zona de subducci\u00f3n, un \u00e1rea donde la placa tect\u00f3nica del oc\u00e9ano Pac\u00edfico se desliza debajo de la placa continental. Este proceso ha provocado varios terremotos de gran magnitud, causando da\u00f1os significativos en diferentes regiones como la Amazon\u00eda ecuatoriana. En esta regi\u00f3n, algunos de los terremotos m\u00e1s fuertes han sido causados por fallas superficiales, como el de Baeza en 1987 (magnitud Mw 7.1) y el de Macas en 1995 (magnitud Mw 7.0), ambos relacionados con el sistema de fallas Cutuc\u00fa-Napo.<\/p>\n<\/div><\/div>\n\n\n\n<div class=\"wp-block-media-text alignwide has-media-on-the-right is-stacked-on-mobile\" style=\"grid-template-columns:auto 46%\"><div class=\"wp-block-media-text__content\">\n<p><\/p>\n\n\n\n<p><\/p>\n\n\n\n<p class=\"has-text-align-justify\">En la Amazon\u00eda ecuatoriana, la paleosismolog\u00eda es una herramienta reciente pero prometedora que permite estudiar las fallas superficiales, especialmente aquellas que no han mostrado actividad s\u00edsmica reciente o no tienen registros hist\u00f3ricos. Por este motivo, se propone realizar un estudio multidisciplinario en la Falla Porotoyacu, que atraviesa las ciudades de Tena y Archidona, con el objetivo de identificar su actividad y localizar con precisi\u00f3n la traza de la falla en la ciudad de Tena. Este tipo de estudio es crucial para que las autoridades puedan tomar decisiones informadas sobre c\u00f3mo proteger a la poblaci\u00f3n y la infraestructura en la regi\u00f3n.<\/p>\n\n\n\n<p><strong>Contacto: <\/strong>oswaldo.guzman@ikiam.edu.ec<\/p>\n\n\n\n<div class=\"wp-block-buttons is-layout-flex\">\n<div class=\"wp-block-button\"><a class=\"wp-block-button__link wp-element-button\">M\u00e1s informaci\u00f3n<\/a><\/div>\n<\/div>\n\n\n\n<p><\/p>\n\n\n\n<p><\/p>\n\n\n\n<p><\/p>\n<\/div><figure class=\"wp-block-media-text__media\"><img loading=\"lazy\" decoding=\"async\" width=\"1012\" height=\"739\" src=\"https:\/\/proyectogeociencias.ikiam.edu.ec\/wp-content\/uploads\/2024\/08\/Captura-de-pantalla-2024-08-08-160032.png\" alt=\"\" class=\"wp-image-1521 size-full\"\/><\/figure><\/div>\n\n\n\n<h2 class=\"wp-block-heading\"><strong>Geoqu\u00edmica en la Cuenca Alta Amaz\u00f3nica: Comprendiendo la relaci\u00f3n entre la composici\u00f3n natural de sedimentos y la calidad del suelo.<\/strong><\/h2>\n\n\n\n<p><\/p>\n\n\n\n<div class=\"wp-block-media-text alignwide has-media-on-the-right is-stacked-on-mobile\" style=\"grid-template-columns:auto 51%\"><div class=\"wp-block-media-text__content\">\n<p><\/p>\n\n\n\n<p class=\"has-text-align-justify\">El suelo, como recurso natural fundamental, sostiene el desarrollo agr\u00edcola sostenible y proporciona servicios ecol\u00f3gicos vitales. Por lo tanto, su calidad es crucial para la seguridad alimentaria y la salud p\u00fablica, especialmente en cultivos como el cacao, vital para la econom\u00eda ecuatoriana. La presencia de metales pesados, como cadmio y plomo, en los productos agr\u00edcolas, plantea desaf\u00edos para cumplir con los est\u00e1ndares internacionales de seguridad alimentaria. El objetivo de este proyecto es comprender la relaci\u00f3n entre la geoqu\u00edmica de los sedimentos en el \u00e1rea fuente y la calidad del suelo en la zona de deposici\u00f3n. Se examinar\u00e1 el \u00e1rea fuente de sedimentos en la Reserva Biol\u00f3gica Colonso-Chalupas para establecer l\u00edneas de fondo geoqu\u00edmicas naturales. <\/p>\n\n\n\n<p><\/p>\n\n\n\n<p><\/p>\n<\/div><figure class=\"wp-block-media-text__media\"><img loading=\"lazy\" decoding=\"async\" width=\"1600\" height=\"1200\" src=\"https:\/\/proyectogeociencias.ikiam.edu.ec\/wp-content\/uploads\/2024\/08\/WhatsApp-Image-2024-08-08-at-1.15.39-PM.jpeg\" alt=\"\" class=\"wp-image-1530 size-full\"\/><\/figure><\/div>\n\n\n\n<div class=\"wp-block-media-text alignwide is-stacked-on-mobile\"><figure class=\"wp-block-media-text__media\"><img loading=\"lazy\" decoding=\"async\" width=\"1012\" height=\"739\" src=\"https:\/\/proyectogeociencias.ikiam.edu.ec\/wp-content\/uploads\/2024\/08\/Captura-de-pantalla-2024-08-08-160032.png\" alt=\"\" class=\"wp-image-1521 size-full\"\/><\/figure><div class=\"wp-block-media-text__content\">\n<p class=\"has-text-align-justify\"> <p>Los sedimentos ser\u00e1n analizados en los r\u00edos Tena y Colonso para comprender su dispersi\u00f3n geoqu\u00edmica, y se investigar\u00e1n las \u00e1reas de deposici\u00f3n en terrenos de la Universidad Regional Amaz\u00f3nica Ikiam para evaluar la calidad del suelo desde una perspectiva ambiental y agroecol\u00f3gica. Este proyecto contribuir\u00e1 significativamente a la gesti\u00f3n sostenible de los recursos naturales en la Amazon\u00eda ecuatoriana y ayudar\u00e1 a garantizar la producci\u00f3n de alimentos saludables y la protecci\u00f3n del medio ambiente.<\/p>   <p><strong>Contacto: <\/strong>oswaldo.guzman@ikiam.edu.ec<\/p> <\/p>\n<\/div><\/div>\n\n\n\n<h2 class=\"wp-block-heading\"><strong>Contexto geodin\u00e1mico de la regi\u00f3n nor-oriental del Ecuador mediante tomograf\u00eda s\u00edsmica<\/strong><\/h2>\n\n\n\n<div class=\"wp-block-media-text alignwide is-stacked-on-mobile\"><figure class=\"wp-block-media-text__media\"><img loading=\"lazy\" decoding=\"async\" width=\"1200\" height=\"500\" src=\"https:\/\/proyectogeociencias.ikiam.edu.ec\/wp-content\/uploads\/2021\/08\/portada_geofisica.png\" alt=\"\" class=\"wp-image-415 size-full\"\/><\/figure><div class=\"wp-block-media-text__content\">\n<p><\/p>\n\n\n\n<p><\/p>\n\n\n\n<p class=\"has-text-align-justify\">El Grupo de Investigaci\u00f3n \u201cGrupo de Investigaci\u00f3n en Geof\u00edsica y Geotecnia (GI2G)\u201d es un organismo destinado al estudio y la soluci\u00f3n de problemas geof\u00edsicos y geot\u00e9cnicos localizados principalmente en la zona de transici\u00f3n entre la zona sub-andina Oriental y la cuenca Amaz\u00f3nica. El grupo est\u00e1 destinado a desarrollar investigaci\u00f3n en las l\u00edneas de sismolog\u00eda y prospecci\u00f3n s\u00edsmica, geof\u00edsica de la masa s\u00f3lida terrestre, geolog\u00eda aplicada a la ingenier\u00eda y geolog\u00eda ambiental.<\/p>\n\n\n\n<p><strong>Contacto<\/strong><\/p>\n\n\n\n<p>jose.araujo@ikiam.edu.ec<\/p>\n\n\n\n<p><\/p>\n<\/div><\/div>\n\n\n\n<p><\/p>\n\n\n\n<h2 class=\"wp-block-heading\"><strong>Caracterizaci\u00f3n geol\u00f3gica &#8211; geot\u00e9cnica de la formaciones presentes en el \u00e1rea de expansi\u00f3n de la ciudad de Puyo, mediante t\u00e9cnicas geof\u00edsicas, ensayos in situ y de laboratorio<\/strong><\/h2>\n\n\n\n<p><\/p>\n\n\n\n<div class=\"wp-block-media-text alignwide has-media-on-the-right is-stacked-on-mobile\"><div class=\"wp-block-media-text__content\">\n<p class=\"has-text-align-justify\">La ciudad de Puyo desde hace aproximadamente una d\u00e9cada, ha sufrido un crecimiento urbano importante, lo que ha llevado a la construcci\u00f3n de obras de ingenier\u00eda civil en terrenos cada vez m\u00e1s problem\u00e1ticos, generado una gran cantidad de da\u00f1os en la infraestructura. La presente investigaci\u00f3n se centra en realizar una caracterizaci\u00f3n geol\u00f3gica-geot\u00e9cnica de la zona urbana de la ciudad, m\u00e9diate la agrupaci\u00f3n de materiales geol\u00f3gicos de igual comportamiento geomec\u00e1nico, utilizando t\u00e9cnicas geof\u00edsicas, ensayos in situ y de laboratorio, con el fin de obtener par\u00e1metros din\u00e1micos, deformacionales y resistentes del terreno, los cuales sirvan como informaci\u00f3n base y de consulta para la implementaci\u00f3n de obras de ingenier\u00eda de forma planificada, geot\u00e9cnicamente segura y econ\u00f3micamente rentable.<\/p>\n\n\n\n<p><strong>Contactos <\/strong><\/p>\n\n\n\n<p>jorge.espin@ikiam.edu.ec<\/p>\n<\/div><figure class=\"wp-block-media-text__media\"><img loading=\"lazy\" decoding=\"async\" width=\"1280\" height=\"960\" src=\"https:\/\/proyectogeociencias.ikiam.edu.ec\/wp-content\/uploads\/2021\/08\/WhatsApp-Image-2021-08-14-at-21.05.38.jpeg\" alt=\"\" class=\"wp-image-416 size-full\"\/><\/figure><\/div>\n","protected":false},"excerpt":{"rendered":"<p>Transporte y acumulaci\u00f3n de micropl\u00e1sticos en ambientes sedimentarios amaz\u00f3nicos Identificaci\u00f3n de refugios andinos resilientes al cambio clim\u00e1tico. Evaluaci\u00f3n multidisciplinar de la actividad Neotect\u00f3nica de la Falla Porotoyacu en Tena, mediante anal\u00edsis sedimentol\u00f3gicos, geof\u00edsicos y geoqu\u00edmicos. La sismicidad en Ecuador est\u00e1 influenciada principalmente por la zona de subducci\u00f3n, un \u00e1rea donde [&hellip;]<\/p>\n","protected":false},"author":4,"featured_media":0,"parent":0,"menu_order":0,"comment_status":"closed","ping_status":"closed","template":"","meta":[],"_links":{"self":[{"href":"https:\/\/proyectogeociencias.ikiam.edu.ec\/index.php\/wp-json\/wp\/v2\/pages\/296"}],"collection":[{"href":"https:\/\/proyectogeociencias.ikiam.edu.ec\/index.php\/wp-json\/wp\/v2\/pages"}],"about":[{"href":"https:\/\/proyectogeociencias.ikiam.edu.ec\/index.php\/wp-json\/wp\/v2\/types\/page"}],"author":[{"embeddable":true,"href":"https:\/\/proyectogeociencias.ikiam.edu.ec\/index.php\/wp-json\/wp\/v2\/users\/4"}],"replies":[{"embeddable":true,"href":"https:\/\/proyectogeociencias.ikiam.edu.ec\/index.php\/wp-json\/wp\/v2\/comments?post=296"}],"version-history":[{"count":24,"href":"https:\/\/proyectogeociencias.ikiam.edu.ec\/index.php\/wp-json\/wp\/v2\/pages\/296\/revisions"}],"predecessor-version":[{"id":1541,"href":"https:\/\/proyectogeociencias.ikiam.edu.ec\/index.php\/wp-json\/wp\/v2\/pages\/296\/revisions\/1541"}],"wp:attachment":[{"href":"https:\/\/proyectogeociencias.ikiam.edu.ec\/index.php\/wp-json\/wp\/v2\/media?parent=296"}],"curies":[{"name":"wp","href":"https:\/\/api.w.org\/{rel}","templated":true}]}}