{"id":307,"date":"2021-06-23T21:15:43","date_gmt":"2021-06-23T21:15:43","guid":{"rendered":"https:\/\/proyectogeociencias.ikiam.edu.ec\/?page_id=307"},"modified":"2024-05-21T03:22:56","modified_gmt":"2024-05-21T03:22:56","slug":"geociencias-ikiam","status":"publish","type":"page","link":"https:\/\/proyectogeociencias.ikiam.edu.ec\/","title":{"rendered":"Actividades de la carrera"},"content":{"rendered":"<div class=\"n2-section-smartslider fitvidsignore  n2_clear\" data-ssid=\"4\" tabindex=\"0\" role=\"region\" aria-label=\"Slider\"><div id=\"n2-ss-4-align\" class=\"n2-ss-align\"><div class=\"n2-padding\"><div id=\"n2-ss-4\" data-creator=\"Smart Slider 3\" data-responsive=\"auto\" class=\"n2-ss-slider n2-ow n2-has-hover n2notransition  \">\n\n\n\n<div class=\"n2-ss-slider-wrapper-inside\">\n        <div class=\"n2-ss-slider-1 n2_ss__touch_element n2-ow\">\n            <div class=\"n2-ss-slider-2 n2-ow\">\n                                                    <div class=\"n2-ss-background-animation n2-ow\"><\/div>\n                                <div class=\"n2-ss-slider-3 n2-ow\">\n\n                    <div class=\"n2-ss-slide-backgrounds n2-ow-all\"><div class=\"n2-ss-slide-background\" data-public-id=\"1\" data-mode=\"fill\"><div class=\"n2-ss-slide-background-image\" data-blur=\"0\" data-opacity=\"55\" data-x=\"44\" data-y=\"12\" data-alt=\"\" data-title=\"\" style=\"opacity:0.55;--ss-o-pos-x:44%;--ss-o-pos-y:12%\"><picture class=\"skip-lazy jetpack-lazy-image\" data-skip-lazy=\"1\"><img decoding=\"async\" src=\"\/\/proyectogeociencias.ikiam.edu.ec\/wp-content\/uploads\/2024\/07\/DSC7450.jpg\" alt=\"\" title=\"\" loading=\"lazy\" class=\"skip-lazy jetpack-lazy-image\" data-skip-lazy=\"1\"><\/picture><\/div><div data-color=\"RGBA(0,0,0,1)\" style=\"background-color: RGBA(0,0,0,1);\" class=\"n2-ss-slide-background-color\"><\/div><\/div><div class=\"n2-ss-slide-background\" data-public-id=\"2\" data-mode=\"fill\"><div class=\"n2-ss-slide-background-image\" data-blur=\"0\" data-opacity=\"55\" data-x=\"44\" data-y=\"12\" data-alt=\"\" data-title=\"\" style=\"opacity:0.55;--ss-o-pos-x:44%;--ss-o-pos-y:12%\"><picture class=\"skip-lazy jetpack-lazy-image\" data-skip-lazy=\"1\"><img decoding=\"async\" src=\"\/\/proyectogeociencias.ikiam.edu.ec\/wp-content\/uploads\/2024\/05\/Captura-de-pantalla-2024-05-17-091121.png\" alt=\"\" title=\"\" loading=\"lazy\" class=\"skip-lazy jetpack-lazy-image\" data-skip-lazy=\"1\"><\/picture><\/div><div data-color=\"RGBA(0,0,0,1)\" style=\"background-color: RGBA(0,0,0,1);\" class=\"n2-ss-slide-background-color\"><\/div><\/div><div class=\"n2-ss-slide-background\" data-public-id=\"3\" data-mode=\"fill\"><div class=\"n2-ss-slide-background-image\" data-blur=\"0\" data-opacity=\"30\" data-x=\"22\" data-y=\"17\" data-alt=\"\" data-title=\"\" style=\"opacity:0.3;--ss-o-pos-x:22%;--ss-o-pos-y:17%\"><picture class=\"skip-lazy jetpack-lazy-image\" data-skip-lazy=\"1\"><img decoding=\"async\" src=\"\/\/proyectogeociencias.ikiam.edu.ec\/wp-content\/uploads\/2024\/05\/Conversatorio-2.jpeg\" alt=\"\" title=\"\" loading=\"lazy\" class=\"skip-lazy jetpack-lazy-image\" data-skip-lazy=\"1\"><\/picture><\/div><div data-color=\"RGBA(0,0,0,1)\" style=\"background-color: RGBA(0,0,0,1);\" class=\"n2-ss-slide-background-color\"><\/div><\/div><div class=\"n2-ss-slide-background\" data-public-id=\"4\" data-mode=\"fill\"><div class=\"n2-ss-slide-background-image\" data-blur=\"0\" data-opacity=\"53\" data-x=\"25\" data-y=\"34\" data-alt=\"\" data-title=\"\" style=\"opacity:0.53;--ss-o-pos-x:25%;--ss-o-pos-y:34%\"><picture class=\"skip-lazy jetpack-lazy-image\" data-skip-lazy=\"1\"><img decoding=\"async\" src=\"\/\/proyectogeociencias.ikiam.edu.ec\/wp-content\/uploads\/2023\/08\/IMG_20230728_133030487_HDR.jpg\" alt=\"\" title=\"\" loading=\"lazy\" class=\"skip-lazy jetpack-lazy-image\" data-skip-lazy=\"1\"><\/picture><\/div><div data-color=\"RGBA(0,0,0,1)\" style=\"background-color: RGBA(0,0,0,1);\" class=\"n2-ss-slide-background-color\"><\/div><\/div><\/div>                    <div class=\"n2-ss-slider-4 n2-ow\">\n                        <svg xmlns=\"http:\/\/www.w3.org\/2000\/svg\" viewBox=\"0 0 1200 600\" data-related-device=\"desktopPortrait\" class=\"n2-ow n2-ss-preserve-size n2-ss-preserve-size--slider n2-ss-slide-limiter\"><\/svg><div data-first=\"1\" data-slide-duration=\"0\" data-id=\"12\" data-slide-public-id=\"1\" data-title=\"Integraci\u00f3n de Geociencias\" class=\"n2-ss-slide n2-ow  n2-ss-slide-12\"><div role=\"note\" class=\"n2-ss-slide--focus\" tabindex=\"-1\">Integraci\u00f3n de Geociencias<\/div><div class=\"n2-ss-layers-container n2-ss-slide-limiter n2-ow\"><div class=\"n2-ss-layer n2-ow n-uc-lPA3CQaF85qG\" data-sstype=\"slide\" data-pm=\"default\"><div class=\"n2-ss-layer n2-ow n-uc-16610d53ccff8\" data-pm=\"default\" data-sstype=\"content\" data-hasbackground=\"0\"><div class=\"n2-ss-section-main-content n2-ss-layer-with-background n2-ss-layer-content n2-ow n-uc-16610d53ccff8-inner\"><div class=\"n2-ss-layer n2-ow n-uc-XtUj2hI95ds9\" data-pm=\"normal\" data-sstype=\"layer\"><div id=\"n2-ss-4item1\" class=\"n2-font-e52603b64eab4ad5c9c412cdfc56f57d-hover   n2-ss-item-content n2-ss-text n2-ow\" style=\"display:block;\"><\/div><\/div><div class=\"n2-ss-layer n2-ow n-uc-RcxyLxYUInqI\" data-pm=\"normal\" data-sstype=\"layer\"><div id=\"n2-ss-4item2\" class=\"n2-font-8a35694de5c4ca1619e92e2c8ca52438-hover   n2-ss-item-content n2-ss-text n2-ow\" style=\"display:block;\"><\/div><\/div><div class=\"n2-ss-layer n2-ow n-uc-mf8NFgL1T0B8\" data-pm=\"normal\" data-sstype=\"layer\"><div class=\"n2-ss-item-content n2-ss-text n2-ow-all\"><div class=\"\"><p class=\"n2-font-28b60cf8a891c3962859fbeb20f87256-paragraph   \">Desde febrero de 2023, nuestro proyecto de divulgaci\u00f3n ha conseguido atraer a estudiantes de la Amazon\u00eda y todo el pa\u00eds a trav\u00e9s de m\u00faltiples plataformas. Con una s\u00f3lida presencia en Facebook, Sketch Fab e Instagram, hemos cultivado una comunidad de m\u00e1s de 500 entusiastas seguidores. Nuestros esfuerzos no solo han ampliado nuestro alcance, sino que tambi\u00e9n han profundizado nuestro impacto, impulsando una mayor concienciaci\u00f3n y participaci\u00f3n en iniciativas del \u00e1rea de las Geociencias. De cara al futuro, nos comprometemos a seguir creciendo y a enriquecer a\u00fan m\u00e1s nuestra presencia para conectar con a\u00fan m\u00e1s personas apasionadas en nuestro \u00e1rea de trabajo.<\/p>\n<\/div><\/div><\/div><div class=\"n2-ss-layer n2-ow n-uc-oPAa1A5R6Vhh\" data-pm=\"normal\" data-sstype=\"layer\"><div class=\" n2-ss-item-image-content n2-ss-item-content n2-ow-all\"><img fetchpriority=\"high\" decoding=\"async\" id=\"n2-ss-4item4\" alt=\"\" class=\"skip-lazy jetpack-lazy-image\" width=\"611\" height=\"547\" data-skip-lazy=\"1\" src=\"\/\/proyectogeociencias.ikiam.edu.ec\/wp-content\/uploads\/2024\/07\/Proyecto-Geociencias-in-Numbers.jpg\" \/><\/div><\/div><\/div><\/div><\/div><\/div><\/div><div data-slide-duration=\"0\" data-id=\"16\" data-slide-public-id=\"2\" data-title=\"Integraci\u00f3n de Geociencias\" class=\"n2-ss-slide n2-ow  n2-ss-slide-16\"><div role=\"note\" class=\"n2-ss-slide--focus\" tabindex=\"-1\">Integraci\u00f3n de Geociencias<\/div><div class=\"n2-ss-layers-container n2-ss-slide-limiter n2-ow\"><div class=\"n2-ss-layer n2-ow n-uc-uZRDmFO1zPQT\" data-sstype=\"slide\" data-pm=\"default\"><div class=\"n2-ss-layer n2-ow n-uc-Jvy11bk5WOGP\" data-pm=\"default\" data-sstype=\"content\" data-hasbackground=\"0\"><div class=\"n2-ss-section-main-content n2-ss-layer-with-background n2-ss-layer-content n2-ow n-uc-Jvy11bk5WOGP-inner\"><div class=\"n2-ss-layer n2-ow n-uc-LuEfI4RLv5dT\" data-pm=\"normal\" data-sstype=\"layer\"><\/div><div class=\"n2-ss-layer n2-ow n-uc-oLAKz2T2NMDx\" data-pm=\"normal\" data-sstype=\"layer\"><div id=\"n2-ss-4item6\" class=\"n2-font-e52603b64eab4ad5c9c412cdfc56f57d-hover   n2-ss-item-content n2-ss-text n2-ow\" style=\"display:block;\"><\/div><\/div><div class=\"n2-ss-layer n2-ow n-uc-jUrpFzcFsmYW\" data-pm=\"normal\" data-sstype=\"layer\"><div id=\"n2-ss-4item7\" class=\"n2-font-8a35694de5c4ca1619e92e2c8ca52438-hover   n2-ss-item-content n2-ss-text n2-ow\" style=\"display:block;\">Integraci\u00f3n de Geociencias<\/div><\/div><div class=\"n2-ss-layer n2-ow n-uc-9wbbcuCaLQnC\" data-pm=\"normal\" data-sstype=\"layer\"><div class=\"n2-ss-item-content n2-ss-text n2-ow-all\"><div class=\"\"><p class=\"n2-font-8de9fe269db2ede2186100a27f57ea6e-paragraph   \">Se realiz\u00f3 la integraci\u00f3n de geociencias con el fin de unir lazos entre los estudiantes de la carrera.<\/p>\n<\/div><\/div><\/div><div class=\"n2-ss-layer n2-ow n-uc-I5qFr22lqnpt n2-ss-layer--auto\" data-pm=\"normal\" data-sstype=\"layer\"><div class=\"n2-ss-button-container n2-ss-item-content n2-ow n2-font-8f1f9dc8af093f1989cda9148121bf5d-link  n2-ss-nowrap n2-ss-button-container--non-full-width\"><a class=\"n2-style-eb3d4447b31ebd5427fd5a187234f24b-heading  n2-ow \" href=\"https:\/\/youtube.com\/shorts\/wlY93XyS0uo?si=BgWuJO76K-AjLdbi\"><div><div>M\u00e1s informaci\u00f3n<\/div><\/div><\/a><\/div><\/div><div class=\"n2-ss-layer n2-ow n-uc-iCQzsFig7l4t\" data-pm=\"normal\" data-sstype=\"layer\"><\/div><\/div><\/div><\/div><\/div><\/div><div data-slide-duration=\"0\" data-id=\"13\" data-slide-public-id=\"3\" data-title=\"Slide 2\" class=\"n2-ss-slide n2-ow  n2-ss-slide-13\"><div role=\"note\" class=\"n2-ss-slide--focus\" tabindex=\"-1\">Slide 2<\/div><div class=\"n2-ss-layers-container n2-ss-slide-limiter n2-ow\"><div class=\"n2-ss-layer n2-ow n-uc-V6HrgQuvqgSv\" data-sstype=\"slide\" data-pm=\"default\"><div class=\"n2-ss-layer n2-ow n-uc-1bc3fe1320016\" data-pm=\"default\" data-sstype=\"content\" data-hasbackground=\"0\"><div class=\"n2-ss-section-main-content n2-ss-layer-with-background n2-ss-layer-content n2-ow n-uc-1bc3fe1320016-inner\"><div class=\"n2-ss-layer n2-ow n-uc-cosYleGV1u3F\" data-pm=\"normal\" data-sstype=\"layer\"><\/div><div class=\"n2-ss-layer n2-ow n-uc-UWJlFbbVgV3O\" data-pm=\"normal\" data-sstype=\"layer\"><div id=\"n2-ss-4item12\" class=\"n2-font-e52603b64eab4ad5c9c412cdfc56f57d-hover   n2-ss-item-content n2-ss-text n2-ow\" style=\"display:block;\"><\/div><\/div><div class=\"n2-ss-layer n2-ow n-uc-YrJNi9TOqMFf\" data-pm=\"normal\" data-sstype=\"layer\"><div id=\"n2-ss-4item13\" class=\"n2-font-8a35694de5c4ca1619e92e2c8ca52438-hover   n2-ss-item-content n2-ss-text n2-ow\" style=\"display:block;\">II Conversatorio de Geociencias<\/div><\/div><div class=\"n2-ss-layer n2-ow n-uc-iu2p9MdVPtpx\" data-pm=\"normal\" data-sstype=\"layer\"><div class=\"n2-ss-item-content n2-ss-text n2-ow-all\"><div class=\"\"><p class=\"n2-font-8de9fe269db2ede2186100a27f57ea6e-paragraph   \">Se realiz\u00f3 el II Conversatorio de Geociencias, en el que nuestra invitada, la ingeniera en Geociencias Andrea Alvarado nos habl\u00f3 sobre las oportunidades de financiamiento para realizar estudios e investigaci\u00f3n en la KFUPM en Arabia Saudita<\/p>\n<\/div><\/div><\/div><div class=\"n2-ss-layer n2-ow n-uc-xEnBxhhFvSeO n2-ss-layer--auto\" data-pm=\"normal\" data-sstype=\"layer\"><div class=\"n2-ss-button-container n2-ss-item-content n2-ow n2-font-e664dae274c8ca83fd9d87b19821c56b-link  n2-ss-nowrap n2-ss-button-container--non-full-width\"><a class=\"n2-style-9bcc0be757afaf78930c2a94b7fbb220-heading  n2-ow \" href=\"https:\/\/proyectogeociencias.ikiam.edu.ec\/index.php\/ii-conversatorio-de-geociencias-oportunidad-de-estudiar-en-el-exterior\/\"><div><div>VER M\u00c1S<\/div><\/div><\/a><\/div><\/div><\/div><\/div><\/div><\/div><\/div><div data-slide-duration=\"0\" data-id=\"14\" data-slide-public-id=\"4\" data-title=\"Slide 3\" data-haslink=\"1\" data-href=\"https:\/\/youtu.be\/E2tIMRUXYbI?si=lLHy1KD6tLb1euVn\" tabindex=\"0\" role=\"button\" data-n2click=\"url\" data-force-pointer=\"\" class=\"n2-ss-slide n2-ow  n2-ss-slide-14\"><div role=\"note\" class=\"n2-ss-slide--focus\">Slide 3<\/div><div class=\"n2-ss-layers-container n2-ss-slide-limiter n2-ow\"><div class=\"n2-ss-layer n2-ow n-uc-5DTRmbjhF9bQ\" data-sstype=\"slide\" data-pm=\"default\"><div class=\"n2-ss-layer n2-ow n-uc-1cf1a6df0ba9b\" data-pm=\"default\" data-sstype=\"content\" data-hasbackground=\"0\"><div class=\"n2-ss-section-main-content n2-ss-layer-with-background n2-ss-layer-content n2-ow n-uc-1cf1a6df0ba9b-inner\"><div class=\"n2-ss-layer n2-ow n-uc-Nn8q6VVqBlkL\" data-pm=\"normal\" data-sstype=\"layer\"><\/div><div class=\"n2-ss-layer n2-ow n-uc-EONbjEUUERmn\" data-pm=\"normal\" data-sstype=\"layer\"><div id=\"n2-ss-4item17\" class=\"n2-font-e52603b64eab4ad5c9c412cdfc56f57d-hover   n2-ss-item-content n2-ss-text n2-ow\" style=\"display:block;\"><\/div><\/div><div class=\"n2-ss-layer n2-ow n-uc-BfwEPRcIk0CO\" data-pm=\"normal\" data-sstype=\"layer\"><div id=\"n2-ss-4item18\" class=\"n2-font-8a35694de5c4ca1619e92e2c8ca52438-hover   n2-ss-item-content n2-ss-text n2-ow\" style=\"display:block;\">Salida de campo: \u00bfC\u00f3mo generar cortes geol\u00f3gicos con datos tomados en campo?<\/div><\/div><div class=\"n2-ss-layer n2-ow n-uc-5XChxfYLNPVj\" data-pm=\"normal\" data-sstype=\"layer\"><div class=\"n2-ss-item-content n2-ss-text n2-ow-all\"><div class=\"\"><\/div><\/div><\/div><div class=\"n2-ss-layer n2-ow n-uc-hDklgdVYx7w3 n2-ss-layer--auto\" data-pm=\"normal\" data-sstype=\"layer\"><div class=\"n2-ss-button-container n2-ss-item-content n2-ow n2-font-e664dae274c8ca83fd9d87b19821c56b-link  n2-ss-nowrap n2-ss-button-container--non-full-width\"><a class=\"n2-style-9bcc0be757afaf78930c2a94b7fbb220-heading  n2-ow \" href=\"https:\/\/youtu.be\/E2tIMRUXYbI?si=lLHy1KD6tLb1euVn\"><div><div>VER VIDEO<\/div><\/div><\/a><\/div><\/div><\/div><\/div><\/div><\/div><\/div>                    <\/div>\n\n                                    <\/div>\n            <\/div>\n        <\/div>\n        <div class=\"n2-ss-slider-controls n2-ss-slider-controls-absolute-left-center\"><div style=\"--widget-offset:15px;\" class=\"n2-ss-widget nextend-arrow n2-ow-all nextend-arrow-previous  nextend-arrow-animated-fade\" data-hide-mobileportrait=\"1\" id=\"n2-ss-4-arrow-previous\" role=\"button\" aria-label=\"previous arrow\" tabindex=\"0\"><img decoding=\"async\" width=\"32\" height=\"32\" class=\"skip-lazy jetpack-lazy-image\" data-skip-lazy=\"1\" src=\"data:image\/svg+xml;base64,PHN2ZyB3aWR0aD0iMzIiIGhlaWdodD0iMzIiIHZpZXdCb3g9IjAgMCAzMiAzMiIgeG1sbnM9Imh0dHA6Ly93d3cudzMub3JnLzIwMDAvc3ZnIj4KICAgIDxwYXRoIGQ9Ik0xMS40MzMgMTUuOTkyTDIyLjY5IDUuNzEyYy4zOTMtLjM5LjM5My0xLjAzIDAtMS40Mi0uMzkzLS4zOS0xLjAzLS4zOS0xLjQyMyAwbC0xMS45OCAxMC45NGMtLjIxLjIxLS4zLjQ5LS4yODUuNzYtLjAxNS4yOC4wNzUuNTYuMjg0Ljc3bDExLjk4IDEwLjk0Yy4zOTMuMzkgMS4wMy4zOSAxLjQyNCAwIC4zOTMtLjQuMzkzLTEuMDMgMC0xLjQybC0xMS4yNTctMTAuMjkiCiAgICAgICAgICBmaWxsPSIjZmZmZmZmIiBvcGFjaXR5PSIwLjgiIGZpbGwtcnVsZT0iZXZlbm9kZCIvPgo8L3N2Zz4=\" alt=\"previous arrow\"><\/div><\/div><div class=\"n2-ss-slider-controls n2-ss-slider-controls-absolute-right-center\"><div style=\"--widget-offset:15px;\" class=\"n2-ss-widget nextend-arrow n2-ow-all nextend-arrow-next  nextend-arrow-animated-fade\" data-hide-mobileportrait=\"1\" id=\"n2-ss-4-arrow-next\" role=\"button\" aria-label=\"next arrow\" tabindex=\"0\"><img decoding=\"async\" width=\"32\" height=\"32\" class=\"skip-lazy jetpack-lazy-image\" data-skip-lazy=\"1\" src=\"data:image\/svg+xml;base64,PHN2ZyB3aWR0aD0iMzIiIGhlaWdodD0iMzIiIHZpZXdCb3g9IjAgMCAzMiAzMiIgeG1sbnM9Imh0dHA6Ly93d3cudzMub3JnLzIwMDAvc3ZnIj4KICAgIDxwYXRoIGQ9Ik0xMC43MjIgNC4yOTNjLS4zOTQtLjM5LTEuMDMyLS4zOS0xLjQyNyAwLS4zOTMuMzktLjM5MyAxLjAzIDAgMS40MmwxMS4yODMgMTAuMjgtMTEuMjgzIDEwLjI5Yy0uMzkzLjM5LS4zOTMgMS4wMiAwIDEuNDIuMzk1LjM5IDEuMDMzLjM5IDEuNDI3IDBsMTIuMDA3LTEwLjk0Yy4yMS0uMjEuMy0uNDkuMjg0LS43Ny4wMTQtLjI3LS4wNzYtLjU1LS4yODYtLjc2TDEwLjcyIDQuMjkzeiIKICAgICAgICAgIGZpbGw9IiNmZmZmZmYiIG9wYWNpdHk9IjAuOCIgZmlsbC1ydWxlPSJldmVub2RkIi8+Cjwvc3ZnPg==\" alt=\"next arrow\"><\/div><\/div><div class=\"n2-ss-slider-controls n2-ss-slider-controls-absolute-center-bottom\"><div style=\"--widget-offset:10px;\" class=\"n2-ss-widget n2-ss-control-bullet n2-ow-all n2-ss-control-bullet-horizontal\"><div class=\" nextend-bullet-bar n2-bar-justify-content-center\"><div class=\"n2-bullet n2-style-bcef68443b2682444059e693254dd628-dot \" style=\"visibility:hidden;\"><\/div><\/div><\/div><\/div><\/div><\/div><ss3-loader><\/ss3-loader><\/div><\/div><div class=\"n2_clear\"><\/div><\/div>\n\n\n<p><\/p>\n\n\n\n\n\n<p><\/p>\n\n\n\n<p><\/p>\n","protected":false},"excerpt":{"rendered":"","protected":false},"author":4,"featured_media":1110,"parent":0,"menu_order":0,"comment_status":"closed","ping_status":"closed","template":"","meta":[],"_links":{"self":[{"href":"https:\/\/proyectogeociencias.ikiam.edu.ec\/index.php\/wp-json\/wp\/v2\/pages\/307"}],"collection":[{"href":"https:\/\/proyectogeociencias.ikiam.edu.ec\/index.php\/wp-json\/wp\/v2\/pages"}],"about":[{"href":"https:\/\/proyectogeociencias.ikiam.edu.ec\/index.php\/wp-json\/wp\/v2\/types\/page"}],"author":[{"embeddable":true,"href":"https:\/\/proyectogeociencias.ikiam.edu.ec\/index.php\/wp-json\/wp\/v2\/users\/4"}],"replies":[{"embeddable":true,"href":"https:\/\/proyectogeociencias.ikiam.edu.ec\/index.php\/wp-json\/wp\/v2\/comments?post=307"}],"version-history":[{"count":12,"href":"https:\/\/proyectogeociencias.ikiam.edu.ec\/index.php\/wp-json\/wp\/v2\/pages\/307\/revisions"}],"predecessor-version":[{"id":1399,"href":"https:\/\/proyectogeociencias.ikiam.edu.ec\/index.php\/wp-json\/wp\/v2\/pages\/307\/revisions\/1399"}],"wp:featuredmedia":[{"embeddable":true,"href":"https:\/\/proyectogeociencias.ikiam.edu.ec\/index.php\/wp-json\/wp\/v2\/media\/1110"}],"wp:attachment":[{"href":"https:\/\/proyectogeociencias.ikiam.edu.ec\/index.php\/wp-json\/wp\/v2\/media?parent=307"}],"curies":[{"name":"wp","href":"https:\/\/api.w.org\/{rel}","templated":true}]}}