{"id":50,"date":"2021-05-03T15:24:02","date_gmt":"2021-05-03T20:24:02","guid":{"rendered":"https:\/\/geoikiamcom.wordpress.com\/?page_id=50"},"modified":"2025-04-26T01:20:35","modified_gmt":"2025-04-26T01:20:35","slug":"docentes","status":"publish","type":"page","link":"https:\/\/proyectogeociencias.ikiam.edu.ec\/index.php\/docentes\/","title":{"rendered":"DOCENTES"},"content":{"rendered":"\n<h2 class=\"wp-block-heading\"><strong>Ph.D Corina Campos Serrano<\/strong><\/h2>\n\n\n\n<div class=\"wp-block-media-text alignwide is-stacked-on-mobile\" style=\"grid-template-columns:44% auto\"><figure class=\"wp-block-media-text__media\"><img fetchpriority=\"high\" decoding=\"async\" width=\"447\" height=\"362\" src=\"https:\/\/proyectogeociencias.ikiam.edu.ec\/wp-content\/uploads\/2021\/07\/CORINA.png\" alt=\"\" class=\"wp-image-341 size-full\"\/><\/figure><div class=\"wp-block-media-text__content\">\n<h4 class=\"wp-block-heading\">Email: corina.campos@ikiam.edu.ec<\/h4>\n\n\n\n<p>Decana de la Facultad de Ciencias de la Tierra y Agua<\/p>\n<\/div><\/div>\n\n\n\n<p><\/p>\n\n\n\n<h2 class=\"wp-block-heading has-text-align-left\"><strong>Msc. Ronny Esp\u00edn <\/strong><\/h2>\n\n\n\n<div class=\"wp-block-media-text alignwide has-media-on-the-right is-stacked-on-mobile\" style=\"grid-template-columns:auto 41%\"><div class=\"wp-block-media-text__content\">\n<h4 class=\"wp-block-heading\" id=\"block-9e1f3a65-3a61-4e41-be8b-907108baf5ec\">Email: jorge.espin@ikiam.edu.ec <\/h4>\n\n\n\n<p><strong>Director de carrera<\/strong><\/p>\n\n\n\n<p>Docente de las materias de Yacimientos minerales, Geotecnia, Aprovechamiento minero. <\/p>\n<\/div><figure class=\"wp-block-media-text__media\"><img decoding=\"async\" width=\"349\" height=\"351\" src=\"https:\/\/proyectogeociencias.ikiam.edu.ec\/wp-content\/uploads\/2021\/07\/ronny.png\" alt=\"\" class=\"wp-image-350 size-full\"\/><\/figure><\/div>\n\n\n\n<h2 class=\"wp-block-heading has-text-align-right\"><strong>PhD. Jos\u00e9 Sebasti\u00e1n Araujo Soria<\/strong><\/h2>\n\n\n\n<div class=\"wp-block-media-text alignwide is-stacked-on-mobile\" style=\"grid-template-columns:41% auto\"><figure class=\"wp-block-media-text__media\"><img decoding=\"async\" width=\"585\" height=\"585\" src=\"https:\/\/proyectogeociencias.ikiam.edu.ec\/wp-content\/uploads\/2021\/07\/Sebastian.png\" alt=\"\" class=\"wp-image-340 size-full\"\/><\/figure><div class=\"wp-block-media-text__content\">\n<p><strong>Email: jose.araujo@ikiam.edu.ec<\/strong><\/p>\n\n\n\n<p>Docente de las materias de Geodin\u00e1mica, Geof\u00edsica y Seminario de Titulaci\u00f3n 3.<\/p>\n<\/div><\/div>\n\n\n\n<p><\/p>\n\n\n\n<h2 class=\"wp-block-heading\"><strong>PhD. Corina Campos Serrano<\/strong><\/h2>\n\n\n\n<div class=\"wp-block-media-text alignwide has-media-on-the-right is-stacked-on-mobile\" style=\"grid-template-columns:auto 44%\"><div class=\"wp-block-media-text__content\">\n<h4 class=\"wp-block-heading\" id=\"block-91adee09-0a8a-4437-98b9-b69f918f2409\">Email: corina.campos@ikiam.edu.ec<\/h4>\n\n\n\n<p>Docente de las materias de Petrograf\u00eda y Geolog\u00eda.<\/p>\n<\/div><figure class=\"wp-block-media-text__media\"><img loading=\"lazy\" decoding=\"async\" width=\"447\" height=\"362\" src=\"https:\/\/proyectogeociencias.ikiam.edu.ec\/wp-content\/uploads\/2021\/07\/CORINA.png\" alt=\"\" class=\"wp-image-341 size-full\"\/><\/figure><\/div>\n\n\n\n<p><\/p>\n\n\n\n<h2 class=\"wp-block-heading has-text-align-right\"><strong>MSc. Santiago Vicente Balcazar Loaiza<\/strong><\/h2>\n\n\n\n<div class=\"wp-block-media-text alignwide is-stacked-on-mobile\" style=\"grid-template-columns:45% auto\"><figure class=\"wp-block-media-text__media\"><img loading=\"lazy\" decoding=\"async\" width=\"1600\" height=\"1200\" src=\"https:\/\/proyectogeociencias.ikiam.edu.ec\/wp-content\/uploads\/2024\/05\/WhatsApp-Image-2024-05-20-at-09.21.31-1.jpeg\" alt=\"\" class=\"wp-image-1386 size-full\"\/><\/figure><div class=\"wp-block-media-text__content\">\n<p><strong>Email: santiago.balcazar@ikiam.edu.ec<\/strong><\/p>\n\n\n\n<p>Docente de las materias de Mineralog\u00eda, Vulcanolog\u00eda, Geoqu\u00edmica, M\u00e9todos de Investigaci\u00f3n y Evaluaci\u00f3n, saneamiento, remediaci\u00f3n ambiental, Geodin\u00e1mica y Econom\u00eda y Gobernanza Ambiental.<\/p>\n<\/div><\/div>\n\n\n\n<h2 class=\"wp-block-heading\"><strong>PhD. Bryan Valencia<\/strong><\/h2>\n\n\n\n<div class=\"wp-block-media-text alignwide has-media-on-the-right is-stacked-on-mobile\" style=\"grid-template-columns:auto 45%\"><div class=\"wp-block-media-text__content\">\n<h4 class=\"wp-block-heading\">Email: bryan.valencia@ikiam.edu.ec <\/h4>\n\n\n\n<p>Docente de la materia de Sistemas de Informaci\u00f3n Geogr\u00e1fica , Geolog\u00eda Hist\u00f3rica y Seminario de Titulaci\u00f3n 2.<\/p>\n<\/div><figure class=\"wp-block-media-text__media\"><img loading=\"lazy\" decoding=\"async\" width=\"437\" height=\"357\" src=\"https:\/\/proyectogeociencias.ikiam.edu.ec\/wp-content\/uploads\/2021\/07\/BRYAN.png\" alt=\"\" class=\"wp-image-342 size-full\"\/><\/figure><\/div>\n\n\n\n<p><\/p>\n\n\n\n<h2 class=\"wp-block-heading has-text-align-right\">                                                                           <strong>PhD. Oswaldo Guzm\u00e1n<\/strong><\/h2>\n\n\n\n<div class=\"wp-block-media-text alignwide is-stacked-on-mobile\" style=\"grid-template-columns:35% auto\"><figure class=\"wp-block-media-text__media\"><img loading=\"lazy\" decoding=\"async\" width=\"343\" height=\"423\" src=\"https:\/\/proyectogeociencias.ikiam.edu.ec\/wp-content\/uploads\/2021\/07\/oswaldo.png\" alt=\"\" class=\"wp-image-353 size-full\"\/><\/figure><div class=\"wp-block-media-text__content\">\n<h4 class=\"wp-block-heading\" id=\"block-a3267487-c47d-41b3-855c-cce657d55c68\">Email: oswaldo.guzman@ikiam.edu.ec<\/h4>\n\n\n\n<p>Docente de las materias de Geoqu\u00edmica, Geolog\u00eda de Hidrocarburos, Geolog\u00eda ambiental, Geolog\u00eda de campo y Seminario de Titulaci\u00f3n 1<\/p>\n<\/div><\/div>\n\n\n\n<p><\/p>\n\n\n\n<p><\/p>\n\n\n\n<p><\/p>\n\n\n\n<p><\/p>\n","protected":false},"excerpt":{"rendered":"<p>Ph.D Corina Campos Serrano Email: corina.campos@ikiam.edu.ec Decana de la Facultad de Ciencias de la Tierra y Agua Msc. Ronny Esp\u00edn Email: jorge.espin@ikiam.edu.ec Director de carrera Docente de las materias de Yacimientos minerales, Geotecnia, Aprovechamiento minero. PhD. Jos\u00e9 Sebasti\u00e1n Araujo Soria Email: jose.araujo@ikiam.edu.ec Docente de las materias de Geodin\u00e1mica, Geof\u00edsica y [&hellip;]<\/p>\n","protected":false},"author":14,"featured_media":0,"parent":0,"menu_order":0,"comment_status":"closed","ping_status":"closed","template":"","meta":[],"_links":{"self":[{"href":"https:\/\/proyectogeociencias.ikiam.edu.ec\/index.php\/wp-json\/wp\/v2\/pages\/50"}],"collection":[{"href":"https:\/\/proyectogeociencias.ikiam.edu.ec\/index.php\/wp-json\/wp\/v2\/pages"}],"about":[{"href":"https:\/\/proyectogeociencias.ikiam.edu.ec\/index.php\/wp-json\/wp\/v2\/types\/page"}],"author":[{"embeddable":true,"href":"https:\/\/proyectogeociencias.ikiam.edu.ec\/index.php\/wp-json\/wp\/v2\/users\/14"}],"replies":[{"embeddable":true,"href":"https:\/\/proyectogeociencias.ikiam.edu.ec\/index.php\/wp-json\/wp\/v2\/comments?post=50"}],"version-history":[{"count":28,"href":"https:\/\/proyectogeociencias.ikiam.edu.ec\/index.php\/wp-json\/wp\/v2\/pages\/50\/revisions"}],"predecessor-version":[{"id":1605,"href":"https:\/\/proyectogeociencias.ikiam.edu.ec\/index.php\/wp-json\/wp\/v2\/pages\/50\/revisions\/1605"}],"wp:attachment":[{"href":"https:\/\/proyectogeociencias.ikiam.edu.ec\/index.php\/wp-json\/wp\/v2\/media?parent=50"}],"curies":[{"name":"wp","href":"https:\/\/api.w.org\/{rel}","templated":true}]}}