{"id":51,"date":"2021-05-03T15:24:02","date_gmt":"2021-05-03T15:24:02","guid":{"rendered":"https:\/\/geoikiamcom.wordpress.com\/?page_id=51"},"modified":"2024-05-17T13:55:25","modified_gmt":"2024-05-17T13:55:25","slug":"proyectos-de-investigacion","status":"publish","type":"page","link":"https:\/\/proyectogeociencias.ikiam.edu.ec\/index.php\/proyectos-de-investigacion\/","title":{"rendered":"PROYECTOS"},"content":{"rendered":"\n<p class=\"has-text-align-justify\">La Ingenier\u00eda en Geociencias es el \u00fanico programa en el Ecuador que combina las diferentes disciplinas de Ciencias de la Tierra (Geolog\u00eda, Geof\u00edsica, Climatolog\u00eda, Hidrogeolog\u00eda, Geotecnia, Geoqu\u00edmica, Yacimientos Minerales, entre otras), para analizar los problemas Geocientificos de manera integradora.<\/p>\n\n\n\n<p class=\"has-text-align-justify\">Los Ingenieros en Geociencias ocupan un lugar privilegiado en el campo laboral, pudi\u00e9ndose desenvolver eficientemente en empresas p\u00fablicas y privadas del sector: minero, hidrocarbur\u00edfero, construcci\u00f3n, hidrogeolog\u00eda, geotecnia, ambiental.<\/p>\n\n\n\n<p class=\"has-text-align-justify\">Tambi\u00e9n podr\u00e1s aplicar tus conocimientos en institutos de investigaci\u00f3n, agencias del estado y universidades, analizando los procesos geol\u00f3gicos y clim\u00e1ticos y contribuyendo en la planificaci\u00f3n y el ordenamiento territorial del pa\u00eds.<\/p>\n\n\n\n<p><\/p>\n\n\n\n<figure class=\"wp-block-image size-full\"><img fetchpriority=\"high\" decoding=\"async\" width=\"1600\" height=\"900\" src=\"https:\/\/proyectogeociencias.ikiam.edu.ec\/wp-content\/uploads\/2024\/05\/WhatsApp-Image-2024-02-09-at-1.47.37-PM.jpeg\" alt=\"\" class=\"wp-image-1362\"\/><\/figure>\n\n\n\n<p class=\"has-text-align-justify\"><br><\/p>\n","protected":false},"excerpt":{"rendered":"<p>La Ingenier\u00eda en Geociencias es el \u00fanico programa en el Ecuador que combina las diferentes disciplinas de Ciencias de la Tierra (Geolog\u00eda, Geof\u00edsica, Climatolog\u00eda, Hidrogeolog\u00eda, Geotecnia, Geoqu\u00edmica, Yacimientos Minerales, entre otras), para analizar los problemas Geocientificos de manera integradora. Los Ingenieros en Geociencias ocupan un lugar privilegiado en el campo [&hellip;]<\/p>\n","protected":false},"author":4,"featured_media":0,"parent":0,"menu_order":0,"comment_status":"closed","ping_status":"closed","template":"","meta":[],"_links":{"self":[{"href":"https:\/\/proyectogeociencias.ikiam.edu.ec\/index.php\/wp-json\/wp\/v2\/pages\/51"}],"collection":[{"href":"https:\/\/proyectogeociencias.ikiam.edu.ec\/index.php\/wp-json\/wp\/v2\/pages"}],"about":[{"href":"https:\/\/proyectogeociencias.ikiam.edu.ec\/index.php\/wp-json\/wp\/v2\/types\/page"}],"author":[{"embeddable":true,"href":"https:\/\/proyectogeociencias.ikiam.edu.ec\/index.php\/wp-json\/wp\/v2\/users\/4"}],"replies":[{"embeddable":true,"href":"https:\/\/proyectogeociencias.ikiam.edu.ec\/index.php\/wp-json\/wp\/v2\/comments?post=51"}],"version-history":[{"count":3,"href":"https:\/\/proyectogeociencias.ikiam.edu.ec\/index.php\/wp-json\/wp\/v2\/pages\/51\/revisions"}],"predecessor-version":[{"id":1363,"href":"https:\/\/proyectogeociencias.ikiam.edu.ec\/index.php\/wp-json\/wp\/v2\/pages\/51\/revisions\/1363"}],"wp:attachment":[{"href":"https:\/\/proyectogeociencias.ikiam.edu.ec\/index.php\/wp-json\/wp\/v2\/media?parent=51"}],"curies":[{"name":"wp","href":"https:\/\/api.w.org\/{rel}","templated":true}]}}