{"id":558,"date":"2022-09-10T20:13:41","date_gmt":"2022-09-10T20:13:41","guid":{"rendered":"http:\/\/proyectogeociencias.ikiam.edu.ec\/?page_id=558"},"modified":"2024-05-10T18:19:10","modified_gmt":"2024-05-10T18:19:10","slug":"ser-minero-artesanal-en-comunidades-de-napo-serena-yutzupino-y-ahuano","status":"publish","type":"page","link":"https:\/\/proyectogeociencias.ikiam.edu.ec\/index.php\/ser-minero-artesanal-en-comunidades-de-napo-serena-yutzupino-y-ahuano\/","title":{"rendered":"Proyecto \u00abSer minero artesanal\u00bb"},"content":{"rendered":"\n<p class=\"has-text-align-center\"><strong>\u201cSer minero artesanal en comunidades de Napo (Serena, Yutzupino y Ahuano): narrativa kichwa, determinacio\u0301n de la factibilidad de una metodologi\u0301a y recomendaciones frente a la actividad minera y los impactos socioecono\u0301mico y ambientales\u201d.<\/strong><\/p>\n\n\n\n<h6 class=\"wp-block-heading has-medium-font-size\"><em>Un proyecto que visibiliza a las comunidades mineras de<\/em> <em>Napo<\/em>.<\/h6>\n\n\n\n<figure class=\"wp-block-image size-large\"><img fetchpriority=\"high\" decoding=\"async\" width=\"2048\" height=\"1175\" src=\"https:\/\/proyectogeociencias.ikiam.edu.ec\/wp-content\/uploads\/2022\/09\/Yutzupino.jpg\" alt=\"\" class=\"wp-image-563\"\/><\/figure>\n\n\n\n<p>Este es un proyecto de vinculaci\u00f3n e investigaci\u00f3n que tiene como objetivo el conocer la perspectiva de las comunidades sobre la miner\u00eda. La informaci\u00f3n se extrae a trav\u00e9s de entrevistas, visitas y di\u00e1logos con los habitantes de las comunidades. <\/p>\n\n\n\n<p>El proyecto est\u00e1 a cargo de la <strong><em>Mgst. Alba Aguinaga<\/em><\/strong> , docente de la Universidad Regional Amaz\u00f3nica Ikiam y es apoyado por el<em><strong> Ing. Freddy Medina<\/strong><\/em>, graduado de la carrera de Geociencias. Los estudiantes que participan de esta iniciativa son alumnos de Geociencias y Biocomercio, entre los cuales est\u00e1n: <\/p>\n\n\n\n<ul>\n<li>Cindy Andi- Estudiante de la carrera de Biocomercio <\/li>\n\n\n\n<li>Alam Andy- Estudiante de Biocomercio <\/li>\n\n\n\n<li>Anabela Huatatoca-Estudiante de Biocomercio <\/li>\n\n\n\n<li>Ana Vera- Estudiante de Biocomercio <\/li>\n\n\n\n<li>Andrea Salgado-  Estudiante de Ingenier\u00eda en Geociencias <\/li>\n\n\n\n<li>Isabel Garc\u00eda- Estudiante de Ingenier\u00eda en Geociencias <\/li>\n\n\n\n<li>Milagros Zavala- Estudiante de Ingenier\u00eda en Geociencias <\/li>\n\n\n\n<li>Maria Fernanda Puetate- Estudiante de Ingenier\u00eda en Geociencias<\/li>\n<\/ul>\n\n\n\n<p>A trav\u00e9s de este proyecto tambi\u00e9n se ayuda a la comunidad de Yutzupino con el sue\u00f1o de convertirse en un sitio geotur\u00edstico reemplazando a la miner\u00eda ilegal como su principal fuente econ\u00f3mica. <\/p>\n\n\n\n<figure class=\"wp-block-embed is-type-rich is-provider-twitter wp-block-embed-twitter\"><div class=\"wp-block-embed__wrapper\">\nhttps:\/\/twitter.com\/u_ikiam\/status\/1567615327139241985\n<\/div><\/figure>\n\n\n\n<p class=\"has-text-align-center\" style=\"font-size:11px\"><em>Escrito por: Andrea Salgado<\/em><\/p>\n","protected":false},"excerpt":{"rendered":"<p>\u201cSer minero artesanal en comunidades de Napo (Serena, Yutzupino y Ahuano): narrativa kichwa, determinacio\u0301n de la factibilidad de una metodologi\u0301a y recomendaciones frente a la actividad minera y los impactos socioecono\u0301mico y ambientales\u201d. Un proyecto que visibiliza a las comunidades mineras de Napo. Este es un proyecto de vinculaci\u00f3n e [&hellip;]<\/p>\n","protected":false},"author":9,"featured_media":0,"parent":0,"menu_order":0,"comment_status":"closed","ping_status":"closed","template":"","meta":[],"_links":{"self":[{"href":"https:\/\/proyectogeociencias.ikiam.edu.ec\/index.php\/wp-json\/wp\/v2\/pages\/558"}],"collection":[{"href":"https:\/\/proyectogeociencias.ikiam.edu.ec\/index.php\/wp-json\/wp\/v2\/pages"}],"about":[{"href":"https:\/\/proyectogeociencias.ikiam.edu.ec\/index.php\/wp-json\/wp\/v2\/types\/page"}],"author":[{"embeddable":true,"href":"https:\/\/proyectogeociencias.ikiam.edu.ec\/index.php\/wp-json\/wp\/v2\/users\/9"}],"replies":[{"embeddable":true,"href":"https:\/\/proyectogeociencias.ikiam.edu.ec\/index.php\/wp-json\/wp\/v2\/comments?post=558"}],"version-history":[{"count":14,"href":"https:\/\/proyectogeociencias.ikiam.edu.ec\/index.php\/wp-json\/wp\/v2\/pages\/558\/revisions"}],"predecessor-version":[{"id":1150,"href":"https:\/\/proyectogeociencias.ikiam.edu.ec\/index.php\/wp-json\/wp\/v2\/pages\/558\/revisions\/1150"}],"wp:attachment":[{"href":"https:\/\/proyectogeociencias.ikiam.edu.ec\/index.php\/wp-json\/wp\/v2\/media?parent=558"}],"curies":[{"name":"wp","href":"https:\/\/api.w.org\/{rel}","templated":true}]}}