{"id":572,"date":"2022-09-12T15:35:37","date_gmt":"2022-09-12T15:35:37","guid":{"rendered":"http:\/\/proyectogeociencias.ikiam.edu.ec\/?page_id=572"},"modified":"2024-05-10T18:41:43","modified_gmt":"2024-05-10T18:41:43","slug":"estudiantes-de-geociencias-informan-sobre-la-beca-mujer-minera-amazonica","status":"publish","type":"page","link":"https:\/\/proyectogeociencias.ikiam.edu.ec\/index.php\/estudiantes-de-geociencias-informan-sobre-la-beca-mujer-minera-amazonica\/","title":{"rendered":"Estudiantes de Geociencias informan sobre la beca \u00abMujer minera Amaz\u00f3nica\u00bb a las j\u00f3venes de la comunidad de Yutzupino."},"content":{"rendered":"<div class=\"wp-block-image\">\n<figure class=\"aligncenter size-large is-resized\"><img fetchpriority=\"high\" decoding=\"async\" src=\"https:\/\/proyectogeociencias.ikiam.edu.ec\/wp-content\/uploads\/2022\/09\/WhatsApp-Image-2022-08-31-at-18.04.59.jpeg\" alt=\"\" class=\"wp-image-573\" width=\"771\" height=\"578\"\/><\/figure><\/div>\n\n\n<p>El Lunes 29 de Agosto del 2022,<em><strong> Andrea Salgado<\/strong><\/em> y <strong><em>Milagros Zavala<\/em><\/strong>, estudiantes de 7mo y 6to semestre de la carrera de<em><strong> Ingenier\u00eda en Geociencias<\/strong><\/em>, visitaron a la comunidad de Yutzupino para dar a conocer informaci\u00f3n de la beca <strong>\u00ab<em>Mujer minera Amaz\u00f3nica\u00bb<\/em><\/strong> a las j\u00f3venes de la comunidad de Yutzupino; esto como parte del proyecto de vinculaci\u00f3n e investigaci\u00f3n <em>\u201cSer minero artesanal en comunidades de Napo (Serena, Yutzupino y Ahuano): narrativa kichwa, determinaci\u00f3n de la factibilidad de una metodolog\u00eda y recomendaciones frente a la actividad minera y los impactos socioecon\u00f3mico y ambientales\u201d<\/em> encargado de la Mgst. Alba Aguinaga, docente de la Universidad Regional Amaz\u00f3nica Ikiam. <\/p>\n\n\n<div class=\"wp-block-image\">\n<figure class=\"aligncenter size-large is-resized\"><img decoding=\"async\" src=\"https:\/\/proyectogeociencias.ikiam.edu.ec\/wp-content\/uploads\/2022\/09\/2-1.jpeg\" alt=\"\" class=\"wp-image-583\" width=\"363\" height=\"564\"\/><\/figure><\/div>\n\n\n<p class=\"has-text-align-center\" style=\"font-size:12px\"><em>Escrito por: Andrea Salgado<\/em><\/p>\n","protected":false},"excerpt":{"rendered":"<p>El Lunes 29 de Agosto del 2022, Andrea Salgado y Milagros Zavala, estudiantes de 7mo y 6to semestre de la carrera de Ingenier\u00eda en Geociencias, visitaron a la comunidad de Yutzupino para dar a conocer informaci\u00f3n de la beca \u00abMujer minera Amaz\u00f3nica\u00bb a las j\u00f3venes de la comunidad de Yutzupino; [&hellip;]<\/p>\n","protected":false},"author":9,"featured_media":0,"parent":0,"menu_order":0,"comment_status":"closed","ping_status":"closed","template":"","meta":[],"_links":{"self":[{"href":"https:\/\/proyectogeociencias.ikiam.edu.ec\/index.php\/wp-json\/wp\/v2\/pages\/572"}],"collection":[{"href":"https:\/\/proyectogeociencias.ikiam.edu.ec\/index.php\/wp-json\/wp\/v2\/pages"}],"about":[{"href":"https:\/\/proyectogeociencias.ikiam.edu.ec\/index.php\/wp-json\/wp\/v2\/types\/page"}],"author":[{"embeddable":true,"href":"https:\/\/proyectogeociencias.ikiam.edu.ec\/index.php\/wp-json\/wp\/v2\/users\/9"}],"replies":[{"embeddable":true,"href":"https:\/\/proyectogeociencias.ikiam.edu.ec\/index.php\/wp-json\/wp\/v2\/comments?post=572"}],"version-history":[{"count":9,"href":"https:\/\/proyectogeociencias.ikiam.edu.ec\/index.php\/wp-json\/wp\/v2\/pages\/572\/revisions"}],"predecessor-version":[{"id":1035,"href":"https:\/\/proyectogeociencias.ikiam.edu.ec\/index.php\/wp-json\/wp\/v2\/pages\/572\/revisions\/1035"}],"wp:attachment":[{"href":"https:\/\/proyectogeociencias.ikiam.edu.ec\/index.php\/wp-json\/wp\/v2\/media?parent=572"}],"curies":[{"name":"wp","href":"https:\/\/api.w.org\/{rel}","templated":true}]}}