{"id":597,"date":"2022-09-20T01:20:03","date_gmt":"2022-09-20T01:20:03","guid":{"rendered":"http:\/\/proyectogeociencias.ikiam.edu.ec\/?page_id=597"},"modified":"2024-03-06T23:52:19","modified_gmt":"2024-03-06T23:52:19","slug":"ikiam-tambien-asistio-a-la-xiv-expo-conference-expominas-2022","status":"publish","type":"page","link":"https:\/\/proyectogeociencias.ikiam.edu.ec\/index.php\/ikiam-tambien-asistio-a-la-xiv-expo-conference-expominas-2022\/","title":{"rendered":"Ikiam tambi\u00e9n asisti\u00f3 a la XIV Expo Conference Expominas 2022"},"content":{"rendered":"\n<p>Escrito por: Andrea Salgado <\/p>\n\n\n\n<figure class=\"wp-block-image size-large\"><img fetchpriority=\"high\" decoding=\"async\" width=\"2048\" height=\"1366\" src=\"https:\/\/proyectogeociencias.ikiam.edu.ec\/wp-content\/uploads\/2022\/09\/EXPOMINAS.jpg\" alt=\"\" class=\"wp-image-598\"\/><\/figure>\n\n\n\n<p class=\"has-text-align-center\" style=\"font-size:15px\"><em>Imagen extra\u00edda de la p\u00e1gina https:\/\/www.facebook.com\/expominasec<\/em><\/p>\n\n\n\n<p>El pasado 24,25 y 26 de Agosto del 2022 se realiz\u00f3 la d\u00e9cimo cuarta EXPO MINAS en el Centro de Convenciones Metropolitano de Quito-Ecuador, en donde se reunieron diversas empresas mineras y proveedores mineros nacionales e internacionales. Esta exposici\u00f3n es de suma importancia en la industria minera mundial pues  promueve el desarrollo de una miner\u00eda sostenible y de alta tecnolog\u00eda que crea v\u00ednculos de negocio y de empleo con los exponentes.<\/p>\n\n\n\n<p>Varias universidades de todo el pa\u00eds acudieron a la exposici\u00f3n, donde pudieron conocer m\u00e1s sobre el desarrollo de la industria minera en el Ecuador. <\/p>\n\n\n\n<p>En esta exposici\u00f3n, estudiantes de Ikiam pudimos asistir y conocer a las empresas mineras m\u00e1s grandes del pa\u00eds que se encontraban en varios stands. En cada uno de ellos, se explicaba el estado de las minas, los minerales extra\u00eddos, la cantidad, el proceso de extracci\u00f3n, entre otros. Adem\u00e1s pudimos conocer varios emprendimientos que desarrollaban las comunidades cercanas a las minas como, panela molida hecha con ca\u00f1a de la zona y tambi\u00e9n una panader\u00eda que es  liderada por las mujeres de las comunidades de Cascabel. <\/p>\n\n\n<div class=\"wp-block-image is-style-default\">\n<figure class=\"aligncenter size-large is-resized\"><img decoding=\"async\" src=\"https:\/\/proyectogeociencias.ikiam.edu.ec\/wp-content\/uploads\/2022\/09\/WhatsApp-Image-2022-09-19-at-11.55.06-1.jpeg\" alt=\"\" class=\"wp-image-602\" width=\"573\" height=\"765\"\/><figcaption class=\"wp-element-caption\"><em>Karen Abarca y Andrea Salgado. Estudiantes de Ingenier\u00eda en Geociencias de Ikiam que asistieron a la Expominas<\/em><\/figcaption><\/figure><\/div>\n\n\n<p><\/p>\n","protected":false},"excerpt":{"rendered":"<p>Escrito por: Andrea Salgado Imagen extra\u00edda de la p\u00e1gina https:\/\/www.facebook.com\/expominasec El pasado 24,25 y 26 de Agosto del 2022 se realiz\u00f3 la d\u00e9cimo cuarta EXPO MINAS en el Centro de Convenciones Metropolitano de Quito-Ecuador, en donde se reunieron diversas empresas mineras y proveedores mineros nacionales e internacionales. Esta exposici\u00f3n es [&hellip;]<\/p>\n","protected":false},"author":9,"featured_media":0,"parent":0,"menu_order":0,"comment_status":"closed","ping_status":"closed","template":"","meta":[],"_links":{"self":[{"href":"https:\/\/proyectogeociencias.ikiam.edu.ec\/index.php\/wp-json\/wp\/v2\/pages\/597"}],"collection":[{"href":"https:\/\/proyectogeociencias.ikiam.edu.ec\/index.php\/wp-json\/wp\/v2\/pages"}],"about":[{"href":"https:\/\/proyectogeociencias.ikiam.edu.ec\/index.php\/wp-json\/wp\/v2\/types\/page"}],"author":[{"embeddable":true,"href":"https:\/\/proyectogeociencias.ikiam.edu.ec\/index.php\/wp-json\/wp\/v2\/users\/9"}],"replies":[{"embeddable":true,"href":"https:\/\/proyectogeociencias.ikiam.edu.ec\/index.php\/wp-json\/wp\/v2\/comments?post=597"}],"version-history":[{"count":6,"href":"https:\/\/proyectogeociencias.ikiam.edu.ec\/index.php\/wp-json\/wp\/v2\/pages\/597\/revisions"}],"predecessor-version":[{"id":1038,"href":"https:\/\/proyectogeociencias.ikiam.edu.ec\/index.php\/wp-json\/wp\/v2\/pages\/597\/revisions\/1038"}],"wp:attachment":[{"href":"https:\/\/proyectogeociencias.ikiam.edu.ec\/index.php\/wp-json\/wp\/v2\/media?parent=597"}],"curies":[{"name":"wp","href":"https:\/\/api.w.org\/{rel}","templated":true}]}}