{"id":616,"date":"2022-09-20T05:47:41","date_gmt":"2022-09-20T05:47:41","guid":{"rendered":"http:\/\/proyectogeociencias.ikiam.edu.ec\/?page_id=616"},"modified":"2022-09-20T05:47:41","modified_gmt":"2022-09-20T05:47:41","slug":"visita-a-la-empresa-minera-de-solgold-concesion-cascabel","status":"publish","type":"page","link":"https:\/\/proyectogeociencias.ikiam.edu.ec\/index.php\/visita-a-la-empresa-minera-de-solgold-concesion-cascabel\/","title":{"rendered":"Visita a la Empresa minera de SolGold concesi\u00f3n Cascabel"},"content":{"rendered":"\n<p class=\"has-text-align-center\"><em>Las salidas de campo ayuda a los estudiantes a reforzar lo aprendido durante su carrera.<\/em><\/p>\n\n\n\n<p class=\"has-text-align-center\">Estudiantes de Geociencias de la Universidad Ikiam realizaron una salida de campo donde fueron visitando diferentes sitios con valor geotur\u00edstico c\u00f3mo los dep\u00f3sitos volc\u00e1nicos del Rio Pisque, donde pusieron en pr\u00e1ctica lo aprendido en la materia de Geotecnia, Vulcanolog\u00eda, ESRA y Geolog\u00eda de Campo. Tambi\u00e9n visitaron La Empresa minera de SoldGold concesi\u00f3n Cascabel, donde fueron guiados por profesionales para seguir los protocolos de seguridad y adem\u00e1s explicar los procesos t\u00e9cnicos que se llevan a cabo durante la miner\u00eda. <\/p>\n\n\n\n<div class=\"wp-block-group\"><div class=\"wp-block-group__inner-container is-layout-flow\">\n<div class=\"wp-block-image\"><figure class=\"aligncenter\"><img fetchpriority=\"high\" decoding=\"async\" width=\"1280\" height=\"958\" src=\"https:\/\/proyectogeociencias.ikiam.edu.ec\/wp-content\/uploads\/2022\/09\/IMG-20220717-WA0028.jpg\" alt=\"\" class=\"wp-image-617\"\/><\/figure><\/div>\n\n\n\n<div class=\"wp-block-image\"><figure class=\"aligncenter\"><img decoding=\"async\" width=\"1080\" height=\"607\" src=\"https:\/\/proyectogeociencias.ikiam.edu.ec\/wp-content\/uploads\/2022\/09\/IMG-20220717-WA0037.jpg\" alt=\"\" class=\"wp-image-618\"\/><\/figure><\/div>\n\n\n\n<div class=\"wp-block-image\"><figure class=\"aligncenter\"><img decoding=\"async\" width=\"801\" height=\"565\" src=\"https:\/\/proyectogeociencias.ikiam.edu.ec\/wp-content\/uploads\/2022\/09\/Opera-Captura-de-pantalla_2022-09-20_003450_scontent.fuio1-1.fna_.fbcdn_.net_.png\" alt=\"\" class=\"wp-image-619\"\/><\/figure><\/div>\n<\/div><\/div>\n\n\n\n<pre class=\"wp-block-verse has-text-align-center\"><strong>Escrito por:<\/strong> Mar\u00eda Fernanda Puetate Preciado <\/pre>\n","protected":false},"excerpt":{"rendered":"<p>Las salidas de campo ayuda a los estudiantes a reforzar lo aprendido durante su carrera. Estudiantes de Geociencias de la Universidad Ikiam realizaron una salida de campo donde fueron visitando diferentes sitios con valor geotur\u00edstico c\u00f3mo los dep\u00f3sitos volc\u00e1nicos del Rio Pisque, donde pusieron en pr\u00e1ctica lo aprendido en la [&hellip;]<\/p>\n","protected":false},"author":14,"featured_media":0,"parent":0,"menu_order":0,"comment_status":"closed","ping_status":"closed","template":"","meta":[],"_links":{"self":[{"href":"https:\/\/proyectogeociencias.ikiam.edu.ec\/index.php\/wp-json\/wp\/v2\/pages\/616"}],"collection":[{"href":"https:\/\/proyectogeociencias.ikiam.edu.ec\/index.php\/wp-json\/wp\/v2\/pages"}],"about":[{"href":"https:\/\/proyectogeociencias.ikiam.edu.ec\/index.php\/wp-json\/wp\/v2\/types\/page"}],"author":[{"embeddable":true,"href":"https:\/\/proyectogeociencias.ikiam.edu.ec\/index.php\/wp-json\/wp\/v2\/users\/14"}],"replies":[{"embeddable":true,"href":"https:\/\/proyectogeociencias.ikiam.edu.ec\/index.php\/wp-json\/wp\/v2\/comments?post=616"}],"version-history":[{"count":1,"href":"https:\/\/proyectogeociencias.ikiam.edu.ec\/index.php\/wp-json\/wp\/v2\/pages\/616\/revisions"}],"predecessor-version":[{"id":622,"href":"https:\/\/proyectogeociencias.ikiam.edu.ec\/index.php\/wp-json\/wp\/v2\/pages\/616\/revisions\/622"}],"wp:attachment":[{"href":"https:\/\/proyectogeociencias.ikiam.edu.ec\/index.php\/wp-json\/wp\/v2\/media?parent=616"}],"curies":[{"name":"wp","href":"https:\/\/api.w.org\/{rel}","templated":true}]}}