{"id":752,"date":"2023-07-06T23:30:29","date_gmt":"2023-07-06T23:30:29","guid":{"rendered":"http:\/\/proyectogeociencias.ikiam.edu.ec\/?page_id=752"},"modified":"2024-07-29T22:22:26","modified_gmt":"2024-07-29T22:22:26","slug":"proyecto-de-diseno-e-implementacion-del-primer-concurso-de-cristalizacion-en-escuelas-para-la-ensenanza-de-ciencias-de-la-tierra","status":"publish","type":"page","link":"https:\/\/proyectogeociencias.ikiam.edu.ec\/index.php\/proyecto-de-diseno-e-implementacion-del-primer-concurso-de-cristalizacion-en-escuelas-para-la-ensenanza-de-ciencias-de-la-tierra\/","title":{"rendered":"Proyecto de Dise\u00f1o e Implementaci\u00f3n del Primer Concurso de Cristalizaci\u00f3n en Escuelas para la Ense\u00f1anza de Ciencias de la Tierra"},"content":{"rendered":"\n<div class=\"wp-block-media-text alignwide has-media-on-the-right is-stacked-on-mobile\" style=\"grid-template-columns:auto 34%\" id=\"ConcursoCristales\"><div class=\"wp-block-media-text__content\">\n<p>\u00bfTe has preguntado c\u00f3mo se generan los hermosos cristales de las joyer\u00edas m\u00e1s lindas? \u00bfAlguna vez te preguntaste si estos cristales tienen relaci\u00f3n con la sal de nuestras mesas? La respuesta es S\u00cd.<\/p>\n\n\n\n<p>La formaci\u00f3n de cristales en la naturaleza es un proceso que ocurre d\u00eda a d\u00eda en nuestro planeta y entender su formaci\u00f3n nos permite conocer de mejor manera la historia de la Tierra.<\/p>\n\n\n\n<p>El concurso de cristalizaci\u00f3n para estudiantes de bachillerato realizado por la carrera de Geociencias de Ikiam est\u00e1 enfocado a fomentar la participaci\u00f3n de j\u00f3venes en centros educativos para generar conocimiento acerca de los procesos geol\u00f3gicos de la Tierra.<\/p>\n<\/div><figure class=\"wp-block-media-text__media\"><img fetchpriority=\"high\" decoding=\"async\" width=\"900\" height=\"1600\" src=\"https:\/\/proyectogeociencias.ikiam.edu.ec\/wp-content\/uploads\/2023\/07\/BeautyPlus_20230314122241393_save-2.jpg\" alt=\"\" class=\"wp-image-753 size-full\"\/><\/figure><\/div>\n\n\n\n<p><\/p>\n\n\n\n<p class=\"has-text-align-center\"><strong>\u00bfC\u00f3mo se generan los cristales? \u00a1Aprendamos practicando con az\u00facar!<\/strong><\/p>\n\n\n\n<figure class=\"wp-block-image size-full\"><a href=\"https:\/\/youtu.be\/jOFTyKGfTew\"><img decoding=\"async\" width=\"1786\" height=\"1000\" src=\"https:\/\/proyectogeociencias.ikiam.edu.ec\/wp-content\/uploads\/2024\/07\/Captura-de-pantalla-2024-07-29-171050.png\" alt=\"\" class=\"wp-image-1509\"\/><\/a><\/figure>\n\n\n\n<p><\/p>\n\n\n\n<h3 class=\"wp-block-heading\"><strong>Objetivo General<\/strong><\/h3>\n\n\n\n<div class=\"wp-block-columns is-layout-flex wp-container-2\">\n<div class=\"wp-block-column is-layout-flow\" style=\"flex-basis:100%\"><div class=\"wp-block-image is-style-rounded\">\n<figure class=\"alignright size-large is-resized\"><img decoding=\"async\" src=\"https:\/\/proyectogeociencias.ikiam.edu.ec\/wp-content\/uploads\/2023\/07\/Captura-de-pantalla-2023-07-06-201637.jpg\" alt=\"\" class=\"wp-image-761\" width=\"244\" height=\"223\"\/><\/figure><\/div>\n\n\n<p>Promover el inter\u00e9s por las geociencias en estudiantes de bachillerato de Unidades educativas en el cant\u00f3n Tena-Ecuador, mediante la realizaci\u00f3n de un concurso donde se desarrollen habilidades y aprendizajes sobre la creaci\u00f3n de cristales y su relaci\u00f3n con las ciencias de la Tierra.<\/p>\n<\/div>\n<\/div>\n\n\n\n<h3 class=\"wp-block-heading has-text-align-center\"><strong>Actividades del proyecto<\/strong><\/h3>\n\n\n\n<p><\/p>\n\n\n\n<div class=\"wp-block-media-text alignwide is-stacked-on-mobile\" style=\"grid-template-columns:31% auto\"><figure class=\"wp-block-media-text__media\"><img loading=\"lazy\" decoding=\"async\" width=\"778\" height=\"1108\" src=\"https:\/\/proyectogeociencias.ikiam.edu.ec\/wp-content\/uploads\/2023\/07\/Captura-de-pantalla-2023-07-06-200426.jpg\" alt=\"\" class=\"wp-image-760 size-full\"\/><\/figure><div class=\"wp-block-media-text__content\">\n<div class=\"wp-block-file\"><a id=\"wp-block-file--media-97db763c-1367-4d03-9ecb-66498ec7050a\" href=\"https:\/\/proyectogeociencias.ikiam.edu.ec\/wp-content\/uploads\/2023\/07\/Guia-Experimentos-de-Cristales-Diciembre-2021_compressed.pdf\">Guia-Experimentos-de-Cristales-Diciembre-2021<\/a><a href=\"https:\/\/proyectogeociencias.ikiam.edu.ec\/wp-content\/uploads\/2023\/07\/Guia-Experimentos-de-Cristales-Diciembre-2021_compressed.pdf\" class=\"wp-block-file__button wp-element-button\" download aria-describedby=\"wp-block-file--media-97db763c-1367-4d03-9ecb-66498ec7050a\">Descarga<\/a><\/div>\n<\/div><\/div>\n\n\n\n<div class=\"wp-block-media-text alignwide has-media-on-the-right is-stacked-on-mobile\" style=\"grid-template-columns:auto 34%\"><div class=\"wp-block-media-text__content\">\n<div class=\"wp-block-file\"><a id=\"wp-block-file--media-07f15248-f619-416a-bb3e-d1d0b329e554\" href=\"https:\/\/proyectogeociencias.ikiam.edu.ec\/wp-content\/uploads\/2023\/07\/GEONAIPES_compressed.pdf\">GEONAIPES<\/a><a href=\"https:\/\/proyectogeociencias.ikiam.edu.ec\/wp-content\/uploads\/2023\/07\/GEONAIPES_compressed.pdf\" class=\"wp-block-file__button wp-element-button\" download aria-describedby=\"wp-block-file--media-07f15248-f619-416a-bb3e-d1d0b329e554\">Descarga<\/a><\/div>\n\n\n\n<p>Elaborado por Edgar Erazo.<\/p>\n<\/div><figure class=\"wp-block-media-text__media\"><img loading=\"lazy\" decoding=\"async\" width=\"970\" height=\"1236\" src=\"https:\/\/proyectogeociencias.ikiam.edu.ec\/wp-content\/uploads\/2023\/07\/Captura-de-pantalla-2023-07-06-202059.jpg\" alt=\"\" class=\"wp-image-764 size-full\"\/><\/figure><\/div>\n\n\n\n<p><\/p>\n","protected":false},"excerpt":{"rendered":"<p>\u00bfTe has preguntado c\u00f3mo se generan los hermosos cristales de las joyer\u00edas m\u00e1s lindas? \u00bfAlguna vez te preguntaste si estos cristales tienen relaci\u00f3n con la sal de nuestras mesas? La respuesta es S\u00cd. La formaci\u00f3n de cristales en la naturaleza es un proceso que ocurre d\u00eda a d\u00eda en nuestro [&hellip;]<\/p>\n","protected":false},"author":23,"featured_media":0,"parent":0,"menu_order":0,"comment_status":"closed","ping_status":"closed","template":"","meta":[],"_links":{"self":[{"href":"https:\/\/proyectogeociencias.ikiam.edu.ec\/index.php\/wp-json\/wp\/v2\/pages\/752"}],"collection":[{"href":"https:\/\/proyectogeociencias.ikiam.edu.ec\/index.php\/wp-json\/wp\/v2\/pages"}],"about":[{"href":"https:\/\/proyectogeociencias.ikiam.edu.ec\/index.php\/wp-json\/wp\/v2\/types\/page"}],"author":[{"embeddable":true,"href":"https:\/\/proyectogeociencias.ikiam.edu.ec\/index.php\/wp-json\/wp\/v2\/users\/23"}],"replies":[{"embeddable":true,"href":"https:\/\/proyectogeociencias.ikiam.edu.ec\/index.php\/wp-json\/wp\/v2\/comments?post=752"}],"version-history":[{"count":11,"href":"https:\/\/proyectogeociencias.ikiam.edu.ec\/index.php\/wp-json\/wp\/v2\/pages\/752\/revisions"}],"predecessor-version":[{"id":1512,"href":"https:\/\/proyectogeociencias.ikiam.edu.ec\/index.php\/wp-json\/wp\/v2\/pages\/752\/revisions\/1512"}],"wp:attachment":[{"href":"https:\/\/proyectogeociencias.ikiam.edu.ec\/index.php\/wp-json\/wp\/v2\/media?parent=752"}],"curies":[{"name":"wp","href":"https:\/\/api.w.org\/{rel}","templated":true}]}}