{"id":847,"date":"2023-07-26T02:37:23","date_gmt":"2023-07-26T02:37:23","guid":{"rendered":"http:\/\/proyectogeociencias.ikiam.edu.ec\/?page_id=847"},"modified":"2024-05-10T18:40:56","modified_gmt":"2024-05-10T18:40:56","slug":"estudiantes-de-geociencias-dan-charlas-a-chicos-de-colegio","status":"publish","type":"page","link":"https:\/\/proyectogeociencias.ikiam.edu.ec\/index.php\/estudiantes-de-geociencias-dan-charlas-a-chicos-de-colegio\/","title":{"rendered":"\u00a1Estudiantes de Geociencias ense\u00f1an la importancia de los minerales a chicos de colegio!"},"content":{"rendered":"\n<p>Los estudiantes de la Academia Cristiana \u201cAntioqu\u00eda\u201d de la ciudad de Tena visitaron el Laboratorio de Ense\u00f1anza de Geociencias de la Universidad Regional Amaz\u00f3nica Ikiam.<\/p>\n\n\n\n<p>Chicos y chicas que forman parte del Proyecto de Vinculaci\u00f3n con la Sociedad \u201cDise\u00f1o e implementaci\u00f3n del primer concurso de cristalizaci\u00f3n en escuelas para la ense\u00f1anza de las ciencias de la Tierra\u201d dieron charlas a los estudiantes del colegio Antioqu\u00eda acerca de las actividades que se realizan en el laboratorio, los equipos y la importancia de la petrograf\u00eda, mineralog\u00eda y aprovechamiento de los recursos naturales para el desarrollo del Ecuador.<\/p>\n\n\n\n<p>\u201cEntender y transmitir conocimientos acerca de los procesos geol\u00f3gicos que rigen los recursos naturales en nuestro planeta a lo j\u00f3venes de los colegios, permite desarrollar conciencia acerca del manejo sostenible de nuestros recursos para aprovecharlos al m\u00e1ximo\u201d destac\u00f3 Julieth Chancay, estudiante de Geociencias.<\/p>\n\n\n\n<p>A trav\u00e9s de este proyecto, los j\u00f3venes de la carrera de Geociencias en Ikiam buscan fortalecer los conceptos clave de las ciencias de Tierra a la comunidad en Tena.<\/p>\n\n\n\n<figure class=\"wp-block-image size-large\"><img fetchpriority=\"high\" decoding=\"async\" width=\"4624\" height=\"3472\" src=\"https:\/\/proyectogeociencias.ikiam.edu.ec\/wp-content\/uploads\/2023\/07\/IMG_20230321_122751881.jpg\" alt=\"\" class=\"wp-image-850\"\/><\/figure>\n\n\n\n<figure class=\"wp-block-image size-large\"><img decoding=\"async\" width=\"1024\" height=\"768\" src=\"https:\/\/proyectogeociencias.ikiam.edu.ec\/wp-content\/uploads\/2023\/07\/IMG-20230328-WA0021.jpg\" alt=\"\" class=\"wp-image-849\"\/><\/figure>\n\n\n\n<figure class=\"wp-block-image size-large\"><img decoding=\"async\" width=\"1024\" height=\"768\" src=\"https:\/\/proyectogeociencias.ikiam.edu.ec\/wp-content\/uploads\/2023\/07\/IMG-20230328-WA0029.jpg\" alt=\"\" class=\"wp-image-848\"\/><\/figure>\n\n\n\n<p class=\"has-text-align-right\">Tena, 20 de marzo del 2023<\/p>\n","protected":false},"excerpt":{"rendered":"<p>Los estudiantes de la Academia Cristiana \u201cAntioqu\u00eda\u201d de la ciudad de Tena visitaron el Laboratorio de Ense\u00f1anza de Geociencias de la Universidad Regional Amaz\u00f3nica Ikiam. Chicos y chicas que forman parte del Proyecto de Vinculaci\u00f3n con la Sociedad \u201cDise\u00f1o e implementaci\u00f3n del primer concurso de cristalizaci\u00f3n en escuelas para la [&hellip;]<\/p>\n","protected":false},"author":23,"featured_media":0,"parent":0,"menu_order":0,"comment_status":"closed","ping_status":"closed","template":"","meta":[],"_links":{"self":[{"href":"https:\/\/proyectogeociencias.ikiam.edu.ec\/index.php\/wp-json\/wp\/v2\/pages\/847"}],"collection":[{"href":"https:\/\/proyectogeociencias.ikiam.edu.ec\/index.php\/wp-json\/wp\/v2\/pages"}],"about":[{"href":"https:\/\/proyectogeociencias.ikiam.edu.ec\/index.php\/wp-json\/wp\/v2\/types\/page"}],"author":[{"embeddable":true,"href":"https:\/\/proyectogeociencias.ikiam.edu.ec\/index.php\/wp-json\/wp\/v2\/users\/23"}],"replies":[{"embeddable":true,"href":"https:\/\/proyectogeociencias.ikiam.edu.ec\/index.php\/wp-json\/wp\/v2\/comments?post=847"}],"version-history":[{"count":3,"href":"https:\/\/proyectogeociencias.ikiam.edu.ec\/index.php\/wp-json\/wp\/v2\/pages\/847\/revisions"}],"predecessor-version":[{"id":1033,"href":"https:\/\/proyectogeociencias.ikiam.edu.ec\/index.php\/wp-json\/wp\/v2\/pages\/847\/revisions\/1033"}],"wp:attachment":[{"href":"https:\/\/proyectogeociencias.ikiam.edu.ec\/index.php\/wp-json\/wp\/v2\/media?parent=847"}],"curies":[{"name":"wp","href":"https:\/\/api.w.org\/{rel}","templated":true}]}}