{"id":931,"date":"2023-07-31T18:37:17","date_gmt":"2023-07-31T18:37:17","guid":{"rendered":"http:\/\/proyectogeociencias.ikiam.edu.ec\/?page_id=931"},"modified":"2024-05-10T18:51:40","modified_gmt":"2024-05-10T18:51:40","slug":"el-capitulo-estudiantil-aapg-ikiam-imparte-el-taller-de-cartografia-geologica-parte-i","status":"publish","type":"page","link":"https:\/\/proyectogeociencias.ikiam.edu.ec\/index.php\/el-capitulo-estudiantil-aapg-ikiam-imparte-el-taller-de-cartografia-geologica-parte-i\/","title":{"rendered":"El Cap\u00edtulo Estudiantil AAPG-Ikiam imparte el Taller de Cartograf\u00eda Geol\u00f3gica Parte I."},"content":{"rendered":"\n<div class=\"wp-block-media-text alignwide is-stacked-on-mobile\" style=\"grid-template-columns:46% auto\"><figure class=\"wp-block-media-text__media\"><img fetchpriority=\"high\" decoding=\"async\" width=\"1600\" height=\"1200\" src=\"https:\/\/proyectogeociencias.ikiam.edu.ec\/wp-content\/uploads\/2023\/07\/WhatsApp-Image-2023-07-19-at-13.30.429-1.jpeg\" alt=\"\" class=\"wp-image-932 size-full\"\/><\/figure><div class=\"wp-block-media-text__content\">\n\n<p>Estudiantes de Geociencias que conforman el Cap\u00edtulo Estudiantil del American Association of Petroleum Geologists (AAPG) Ikiam impartieron el Taller de Cartograf\u00eda Geol\u00f3gica Parte I durante las II Jornadas Cient\u00edficas de la Universidad Regional Amaz\u00f3nica Ikiam.<\/p>\n\n\n<p><br><\/p>\n\n<\/div><\/div>\n\n\n\n<p><\/p>\n\n\n\n<div class=\"wp-block-media-text alignwide has-media-on-the-right is-stacked-on-mobile\"><div class=\"wp-block-media-text__content\">\n<p>Durante este taller, los estudiantes aprendieron t\u00e9cnicas de interpolaci\u00f3n utilizados para la cartografia geologica. El apoyo del Proyecto Geociencias y el Grupo de Investigaci\u00f3n Ciencias de las Tierra y Clima tambi\u00e9n conformaron parte de la organizaci\u00f3n del evento.<\/p>\n<\/div><figure class=\"wp-block-media-text__media\"><img decoding=\"async\" width=\"1600\" height=\"1200\" src=\"https:\/\/proyectogeociencias.ikiam.edu.ec\/wp-content\/uploads\/2023\/07\/WhatsApp-Image-2023-07-19-at-13.30.42.jpeg\" alt=\"\" class=\"wp-image-934 size-full\"\/><\/figure><\/div>\n\n\n\n<p><\/p>\n\n\n\n<div class=\"wp-block-media-text alignwide is-stacked-on-mobile\"><figure class=\"wp-block-media-text__media\"><img decoding=\"async\" width=\"1600\" height=\"1200\" src=\"https:\/\/proyectogeociencias.ikiam.edu.ec\/wp-content\/uploads\/2023\/07\/WhatsApp-Image-2023-07-19-at-13.00.53.jpeg\" alt=\"\" class=\"wp-image-940 size-full\"\/><\/figure><div class=\"wp-block-media-text__content\">\n<p><\/p>\n\n\n\n<p>Un especial reconocimiento los integrantes del grupo:<br>-Jennifer Jara<br>-Johnny Hidalgo<br>-Ehiner Tapia<br>-Mishell Cabrera<br>-David Portillo<br>-Jimmy Erazo<br>-Milagros Zavala<br>-Jordy Morocho<\/p>\n<\/div><\/div>\n\n\n\n<p><\/p>\n\n\n\n<p>Redactado por Julieth E. Chancay<\/p>\n","protected":false},"excerpt":{"rendered":"<p>Estudiantes de Geociencias que conforman el Cap\u00edtulo Estudiantil del American Association of Petroleum Geologists (AAPG) Ikiam impartieron el Taller de Cartograf\u00eda Geol\u00f3gica Parte I durante las II Jornadas Cient\u00edficas de la Universidad Regional Amaz\u00f3nica Ikiam. Durante este taller, los estudiantes aprendieron t\u00e9cnicas de interpolaci\u00f3n utilizados para la cartografia geologica. El [&hellip;]<\/p>\n","protected":false},"author":23,"featured_media":0,"parent":0,"menu_order":0,"comment_status":"closed","ping_status":"closed","template":"","meta":[],"_links":{"self":[{"href":"https:\/\/proyectogeociencias.ikiam.edu.ec\/index.php\/wp-json\/wp\/v2\/pages\/931"}],"collection":[{"href":"https:\/\/proyectogeociencias.ikiam.edu.ec\/index.php\/wp-json\/wp\/v2\/pages"}],"about":[{"href":"https:\/\/proyectogeociencias.ikiam.edu.ec\/index.php\/wp-json\/wp\/v2\/types\/page"}],"author":[{"embeddable":true,"href":"https:\/\/proyectogeociencias.ikiam.edu.ec\/index.php\/wp-json\/wp\/v2\/users\/23"}],"replies":[{"embeddable":true,"href":"https:\/\/proyectogeociencias.ikiam.edu.ec\/index.php\/wp-json\/wp\/v2\/comments?post=931"}],"version-history":[{"count":5,"href":"https:\/\/proyectogeociencias.ikiam.edu.ec\/index.php\/wp-json\/wp\/v2\/pages\/931\/revisions"}],"predecessor-version":[{"id":1156,"href":"https:\/\/proyectogeociencias.ikiam.edu.ec\/index.php\/wp-json\/wp\/v2\/pages\/931\/revisions\/1156"}],"wp:attachment":[{"href":"https:\/\/proyectogeociencias.ikiam.edu.ec\/index.php\/wp-json\/wp\/v2\/media?parent=931"}],"curies":[{"name":"wp","href":"https:\/\/api.w.org\/{rel}","templated":true}]}}