{"id":943,"date":"2023-07-31T23:45:29","date_gmt":"2023-07-31T23:45:29","guid":{"rendered":"http:\/\/proyectogeociencias.ikiam.edu.ec\/?page_id=943"},"modified":"2024-05-17T14:47:58","modified_gmt":"2024-05-17T14:47:58","slug":"estudiantes-aprendieron-a-adquirir-datos-estructurales-y-generar-un-corte-geologico-en-campo","status":"publish","type":"page","link":"https:\/\/proyectogeociencias.ikiam.edu.ec\/index.php\/estudiantes-aprendieron-a-adquirir-datos-estructurales-y-generar-un-corte-geologico-en-campo\/","title":{"rendered":"\u00a1Estudiantes aprendieron a adquirir datos estructurales y generar un corte geol\u00f3gico en campo!"},"content":{"rendered":"\n<div class=\"wp-block-media-text alignwide is-stacked-on-mobile\" style=\"grid-template-columns:33% auto\"><figure class=\"wp-block-media-text__media\"><img fetchpriority=\"high\" decoding=\"async\" width=\"1414\" height=\"2000\" src=\"https:\/\/proyectogeociencias.ikiam.edu.ec\/wp-content\/uploads\/2023\/07\/Flyer-dia-de-la-mujer-organico-doodle-morado-y-beige.png\" alt=\"\" class=\"wp-image-945 size-full\"\/><\/figure><div class=\"wp-block-media-text__content\">\n<p>El viernes 28 de julio del 2023 se realiz\u00f3 una jornada en campo con el objetivo de aprender a adquirir datos estructurales e interpretar estructuras geol\u00f3gicas para generar un corte geol\u00f3gico.<\/p>\n\n\n\n<p><\/p>\n\n\n\n<p>La salida de campo fue liderada por el profesor Oswaldo Guzman y co-liderada por la estudiante Julieth Chancay.<\/p>\n\n\n\n<p><\/p>\n\n\n\n<p><\/p>\n<\/div><\/div>\n\n\n\n<p><\/p>\n\n\n\n<p><\/p>\n\n\n\n<figure class=\"wp-block-image size-full\"><a href=\"https:\/\/youtu.be\/E2tIMRUXYbI\"><img decoding=\"async\" width=\"1231\" height=\"916\" src=\"https:\/\/proyectogeociencias.ikiam.edu.ec\/wp-content\/uploads\/2023\/07\/Captura-de-pantalla-2023-07-31-184455.jpg\" alt=\"\" class=\"wp-image-946\"\/><\/a><\/figure>\n\n\n\n<p>Elaborado por Julieth E. Chancay<\/p>\n","protected":false},"excerpt":{"rendered":"<p>El viernes 28 de julio del 2023 se realiz\u00f3 una jornada en campo con el objetivo de aprender a adquirir datos estructurales e interpretar estructuras geol\u00f3gicas para generar un corte geol\u00f3gico. La salida de campo fue liderada por el profesor Oswaldo Guzman y co-liderada por la estudiante Julieth Chancay. Elaborado [&hellip;]<\/p>\n","protected":false},"author":23,"featured_media":0,"parent":0,"menu_order":0,"comment_status":"closed","ping_status":"closed","template":"","meta":[],"_links":{"self":[{"href":"https:\/\/proyectogeociencias.ikiam.edu.ec\/index.php\/wp-json\/wp\/v2\/pages\/943"}],"collection":[{"href":"https:\/\/proyectogeociencias.ikiam.edu.ec\/index.php\/wp-json\/wp\/v2\/pages"}],"about":[{"href":"https:\/\/proyectogeociencias.ikiam.edu.ec\/index.php\/wp-json\/wp\/v2\/types\/page"}],"author":[{"embeddable":true,"href":"https:\/\/proyectogeociencias.ikiam.edu.ec\/index.php\/wp-json\/wp\/v2\/users\/23"}],"replies":[{"embeddable":true,"href":"https:\/\/proyectogeociencias.ikiam.edu.ec\/index.php\/wp-json\/wp\/v2\/comments?post=943"}],"version-history":[{"count":5,"href":"https:\/\/proyectogeociencias.ikiam.edu.ec\/index.php\/wp-json\/wp\/v2\/pages\/943\/revisions"}],"predecessor-version":[{"id":1367,"href":"https:\/\/proyectogeociencias.ikiam.edu.ec\/index.php\/wp-json\/wp\/v2\/pages\/943\/revisions\/1367"}],"wp:attachment":[{"href":"https:\/\/proyectogeociencias.ikiam.edu.ec\/index.php\/wp-json\/wp\/v2\/media?parent=943"}],"curies":[{"name":"wp","href":"https:\/\/api.w.org\/{rel}","templated":true}]}}