{"id":961,"date":"2023-08-30T12:30:45","date_gmt":"2023-08-30T12:30:45","guid":{"rendered":"http:\/\/proyectogeociencias.ikiam.edu.ec\/?page_id=961"},"modified":"2024-05-16T22:51:35","modified_gmt":"2024-05-16T22:51:35","slug":"antiguos-miembros-del-equipo","status":"publish","type":"page","link":"https:\/\/proyectogeociencias.ikiam.edu.ec\/index.php\/antiguos-miembros-del-equipo\/","title":{"rendered":"Antiguos miembros del equipo"},"content":{"rendered":"\n<p><\/p>\n\n\n\n<p><strong>DOCENTES<\/strong><\/p>\n\n\n\n<div class=\"wp-block-media-text alignwide is-stacked-on-mobile\" style=\"grid-template-columns:27% auto\"><figure class=\"wp-block-media-text__media\"><img fetchpriority=\"high\" decoding=\"async\" width=\"1066\" height=\"1600\" src=\"https:\/\/proyectogeociencias.ikiam.edu.ec\/wp-content\/uploads\/2021\/05\/foto_natalyaranda.jpg?w=682\" alt=\"\" class=\"wp-image-124 size-full\"\/><\/figure><div class=\"wp-block-media-text__content\">\n<h2 class=\"wp-block-heading has-large-font-size\"><strong>Nataly Aranda, PhD.<\/strong><\/h2>\n\n\n\n<p class=\"has-text-align-justify\">Soy F\u00edsica con doctorado en Geof\u00edsica y mi experiencia abarca la investigaci\u00f3n en temas relacionados a la sismolog\u00eda as\u00ed como la geof\u00edsica aplicada al \u00e1rea ambiental y la geotecnia mediante el uso de m\u00e9todos s\u00edsmicos y m\u00e9todos el\u00e9ctricos.<\/p>\n<\/div><\/div>\n\n\n\n<p><\/p>\n\n\n\n<p><strong>ESTUDIANTES<\/strong><\/p>\n\n\n\n<div class=\"wp-block-media-text alignwide has-media-on-the-right is-stacked-on-mobile\" style=\"grid-template-columns:auto 33%\"><div class=\"wp-block-media-text__content\">\n<p><\/p>\n\n\n\n<h2 class=\"wp-block-heading has-large-font-size\"><strong>Isabel Garc\u00eda L\u00f3pez<\/strong><\/h2>\n\n\n\n<p class=\"has-text-align-justify\">Fundadora del Proyecto Geociencias Ikiam. Coordin\u00f3 el Proyecto Geociencias desde el a\u00f1o 2021 hasta el 2022. Graduada de la carrera de Geociencias. Actualmente se encuentra en Alemania realizando conferencias sobre su tesis de grado.<\/p>\n\n\n\n<p><\/p>\n\n\n\n<p><\/p>\n\n\n\n<p><\/p>\n<\/div><figure class=\"wp-block-media-text__media\"><img decoding=\"async\" width=\"640\" height=\"640\" src=\"https:\/\/proyectogeociencias.ikiam.edu.ec\/wp-content\/uploads\/2021\/05\/160260758_184396669877598_8494420143447268507_n-2.jpg?w=640\" alt=\"\" class=\"wp-image-90 size-full\"\/><\/figure><\/div>\n\n\n\n<div class=\"wp-block-media-text alignwide is-stacked-on-mobile\" style=\"grid-template-columns:29% auto\"><figure class=\"wp-block-media-text__media\"><img decoding=\"async\" width=\"1056\" height=\"1408\" src=\"https:\/\/proyectogeociencias.ikiam.edu.ec\/wp-content\/uploads\/2021\/11\/WhatsApp-Image-2021-11-03-at-13.49.38.jpeg\" alt=\"\" class=\"wp-image-430 size-full\"\/><\/figure><div class=\"wp-block-media-text__content\">\n<p><\/p>\n\n\n\n<h2 class=\"wp-block-heading has-large-font-size\"><strong><strong>Andrea Carolina Salgado S\u00e1nchez.<\/strong><\/strong><\/h2>\n\n\n\n<p>Graduada de la carrera de Geociencias. Perteneci\u00f3 al equipo coordinador del Proyecto Geociencias Ikiam desde el 2021 hasta el 2023.&nbsp;Fue ganadora de la beca \u00abSoy Minera\u00bb II edici\u00f3n. <\/p>\n<\/div><\/div>\n\n\n\n<p><\/p>\n\n\n\n<p><\/p>\n\n\n\n<p><\/p>\n\n\n\n<div class=\"wp-block-media-text alignwide has-media-on-the-right is-stacked-on-mobile\" style=\"grid-template-columns:auto 26%\"><div class=\"wp-block-media-text__content\">\n<p><\/p>\n\n\n\n<h2 class=\"wp-block-heading has-large-font-size\"><strong><strong>Dennys Chalco Ortega.<\/strong><\/strong><\/h2>\n\n\n\n<p>Graduado de la carrera de Geociencias. Perteneci\u00f3 al equipo del Proyecto Geociencias Ikiam desde el 2021 hasta el 2022.&nbsp;<\/p>\n<\/div><figure class=\"wp-block-media-text__media\"><img loading=\"lazy\" decoding=\"async\" width=\"643\" height=\"682\" src=\"https:\/\/proyectogeociencias.ikiam.edu.ec\/wp-content\/uploads\/2023\/08\/Captura-de-pantalla-2023-08-30-073008.jpg\" alt=\"\" class=\"wp-image-963 size-full\"\/><\/figure><\/div>\n\n\n\n<p><\/p>\n\n\n\n<p><\/p>\n\n\n\n<p><\/p>\n\n\n\n<div class=\"wp-block-media-text alignwide is-stacked-on-mobile\" style=\"grid-template-columns:34% auto\"><figure class=\"wp-block-media-text__media\"><img loading=\"lazy\" decoding=\"async\" width=\"592\" height=\"616\" src=\"https:\/\/proyectogeociencias.ikiam.edu.ec\/wp-content\/uploads\/2023\/08\/Captura-de-pantalla-2023-08-30-073706.jpg\" alt=\"\" class=\"wp-image-967 size-full\"\/><\/figure><div class=\"wp-block-media-text__content\">\n<p><\/p>\n\n\n\n<h2 class=\"wp-block-heading has-large-font-size\"><strong><strong>Erick Vargas.<\/strong><\/strong><\/h2>\n\n\n\n<p>Estudiante egresado de la carrera de Geociencias. Perteneci\u00f3 al equipo coordinador del Proyecto Geociencias Ikiam desde el 2021 hasta el 2023. Actualmente se encuentra trabajando para Romegold LTD.<\/p>\n<\/div><\/div>\n\n\n\n<p><\/p>\n\n\n\n<p><\/p>\n\n\n\n<p><\/p>\n\n\n\n<div class=\"wp-block-media-text alignwide has-media-on-the-right is-stacked-on-mobile\" style=\"grid-template-columns:auto 29%\"><div class=\"wp-block-media-text__content\">\n<p><\/p>\n\n\n\n<h1 class=\"wp-block-heading\">Mar\u00eda Fernanda Puetate<\/h1>\n\n\n\n<p>Graduada de la carrera de Geociencias. Pertenece al equipo de trabajo del Proyecto Geociencias Ikiam.<\/p>\n<\/div><figure class=\"wp-block-media-text__media\"><img loading=\"lazy\" decoding=\"async\" width=\"349\" height=\"466\" src=\"https:\/\/proyectogeociencias.ikiam.edu.ec\/wp-content\/uploads\/2023\/08\/1-.jpg\" alt=\"\" class=\"wp-image-977 size-full\"\/><\/figure><\/div>\n\n\n\n<p><\/p>\n\n\n\n<p><\/p>\n\n\n\n<p><\/p>\n\n\n\n<div class=\"wp-block-media-text alignwide is-stacked-on-mobile\" style=\"grid-template-columns:37% auto\"><figure class=\"wp-block-media-text__media\"><img loading=\"lazy\" decoding=\"async\" width=\"391\" height=\"393\" src=\"https:\/\/proyectogeociencias.ikiam.edu.ec\/wp-content\/uploads\/2023\/08\/2.jpg\" alt=\"\" class=\"wp-image-980 size-full\"\/><\/figure><div class=\"wp-block-media-text__content\">\n<h1 class=\"wp-block-heading\"><strong>Germ\u00e1n J\u00e1come<\/strong><\/h1>\n\n\n\n<p>Estudiante egresado de la carrera de Geociencias. Pertenece al equipo de trabajo del Proyecto Geociencias Ikiam.<\/p>\n<\/div><\/div>\n","protected":false},"excerpt":{"rendered":"<p>DOCENTES Nataly Aranda, PhD. Soy F\u00edsica con doctorado en Geof\u00edsica y mi experiencia abarca la investigaci\u00f3n en temas relacionados a la sismolog\u00eda as\u00ed como la geof\u00edsica aplicada al \u00e1rea ambiental y la geotecnia mediante el uso de m\u00e9todos s\u00edsmicos y m\u00e9todos el\u00e9ctricos. ESTUDIANTES Isabel Garc\u00eda L\u00f3pez Fundadora del Proyecto Geociencias [&hellip;]<\/p>\n","protected":false},"author":23,"featured_media":0,"parent":0,"menu_order":0,"comment_status":"closed","ping_status":"closed","template":"","meta":[],"_links":{"self":[{"href":"https:\/\/proyectogeociencias.ikiam.edu.ec\/index.php\/wp-json\/wp\/v2\/pages\/961"}],"collection":[{"href":"https:\/\/proyectogeociencias.ikiam.edu.ec\/index.php\/wp-json\/wp\/v2\/pages"}],"about":[{"href":"https:\/\/proyectogeociencias.ikiam.edu.ec\/index.php\/wp-json\/wp\/v2\/types\/page"}],"author":[{"embeddable":true,"href":"https:\/\/proyectogeociencias.ikiam.edu.ec\/index.php\/wp-json\/wp\/v2\/users\/23"}],"replies":[{"embeddable":true,"href":"https:\/\/proyectogeociencias.ikiam.edu.ec\/index.php\/wp-json\/wp\/v2\/comments?post=961"}],"version-history":[{"count":11,"href":"https:\/\/proyectogeociencias.ikiam.edu.ec\/index.php\/wp-json\/wp\/v2\/pages\/961\/revisions"}],"predecessor-version":[{"id":1255,"href":"https:\/\/proyectogeociencias.ikiam.edu.ec\/index.php\/wp-json\/wp\/v2\/pages\/961\/revisions\/1255"}],"wp:attachment":[{"href":"https:\/\/proyectogeociencias.ikiam.edu.ec\/index.php\/wp-json\/wp\/v2\/media?parent=961"}],"curies":[{"name":"wp","href":"https:\/\/api.w.org\/{rel}","templated":true}]}}